{"id":10,"date":"2016-12-09T09:10:10","date_gmt":"2016-12-09T08:10:10","guid":{"rendered":"http:\/\/wbv-ruegen.wbv-mv.de\/?page_id=10"},"modified":"2017-03-17T10:48:06","modified_gmt":"2017-03-17T09:48:06","slug":"links","status":"publish","type":"page","link":"https:\/\/wbv-ruegen.wbv-mv.de\/?page_id=10","title":{"rendered":"Links"},"content":{"rendered":"<p><span style=\"color: #000080;\"><strong><em>Landesverband der Wasser- und Bodenverb\u00e4nde Mecklenburg- Vorpommern<\/em><\/strong><\/span><\/p>\n<p><span style=\"color: #3366ff;\"><a style=\"color: #3366ff;\" href=\"http:\/\/wbv-mv.de\/\">http:\/\/wbv-mv.de\/<\/a><\/span><\/p>\n<p><span style=\"color: #000080;\"><strong><em>\u00c4mter und St\u00e4dte<\/em><\/strong><\/span><\/p>\n<p><strong><em>Amt M\u00f6nchgut-Granitz<\/em><\/strong><\/p>\n<p><span style=\"color: #3366ff;\"><a style=\"color: #3366ff;\" href=\"http:\/\/www.amt-moenchgut.de\/\">http:\/\/www.amt-moenchgut.de\/<\/a><\/span><\/p>\n<p><em><strong>Amt Nord-R\u00fcgen<\/strong><\/em><\/p>\n<p><span style=\"color: #3366ff;\"><a style=\"color: #3366ff;\" href=\"https:\/\/www.amt-nord-ruegen.de\/\">https:\/\/www.amt-nord-ruegen.de\/<\/a><\/span><\/p>\n<p><strong><em>Amt West-R\u00fcgen \u00a0 <\/em><\/strong><\/p>\n<p><span style=\"color: #3366ff;\"><a style=\"color: #3366ff;\" href=\"http:\/\/www.amt-westruegen.de\/\">http:\/\/www.amt-westruegen.de\/<\/a><\/span><\/p>\n<p><em><strong>Amt Bergen auf R\u00fcgen<\/strong><\/em><\/p>\n<p><span style=\"color: #3366ff;\"><a style=\"color: #3366ff;\" href=\"http:\/\/www.stadt-bergen-auf-ruegen.de\/Amt-Bergen-auf-Ruegen\">http:\/\/www.stadt-bergen-auf-ruegen.de\/Amt-Bergen-auf-Ruegen<\/a><\/span><\/p>\n<p><strong><em>Stadt Sassnitz<\/em><\/strong><\/p>\n<p><span style=\"color: #3366ff;\"><a style=\"color: #3366ff;\" href=\"http:\/\/www.sassnitz.de\/\">http:\/\/www.sassnitz.de\/<\/a><\/span><\/p>\n<p><strong><em>Stadt Putbus<\/em><\/strong><\/p>\n<p><span style=\"color: #3366ff;\"><a style=\"color: #3366ff;\" href=\"http:\/\/www.putbus.de\/\">http:\/\/www.putbus.de\/<\/a><\/span><\/p>\n<p><em><strong>Gemeinde Ostseebad Binz<\/strong><\/em><\/p>\n<p><span style=\"color: #3366ff;\"><a style=\"color: #3366ff;\" href=\"http:\/\/www.gemeinde-binz.de\/\">http:\/\/www.gemeinde-binz.de\/<\/a><\/span><\/p>\n<p><strong><em>Landkreis Vorpommern-R\u00fcgen<\/em><\/strong><\/p>\n<p><span style=\"color: #3366ff;\"><a style=\"color: #3366ff;\" href=\"https:\/\/www.lk-vr.de\/Willkommen\">https:\/\/www.lk-vr.de\/Willkommen<\/a><\/span><\/p>\n<p>&nbsp;<\/p>\n","protected":false},"excerpt":{"rendered":"<p>Landesverband der Wasser- und Bodenverb\u00e4nde Mecklenburg- Vorpommern http:\/\/wbv-mv.de\/ \u00c4mter und St\u00e4dte Amt M\u00f6nchgut-Granitz http:\/\/www.amt-moenchgut.de\/ Amt Nord-R\u00fcgen https:\/\/www.amt-nord-ruegen.de\/ Amt West-R\u00fcgen \u00a0 http:\/\/www.amt-westruegen.de\/ Amt Bergen auf R\u00fcgen http:\/\/www.stadt-bergen-auf-ruegen.de\/Amt-Bergen-auf-Ruegen Stadt Sassnitz http:\/\/www.sassnitz.de\/ Stadt Putbus http:\/\/www.putbus.de\/ Gemeinde Ostseebad Binz http:\/\/www.gemeinde-binz.de\/ Landkreis Vorpommern-R\u00fcgen https:\/\/www.lk-vr.de\/Willkommen &nbsp;<\/p>\n","protected":false},"author":1,"featured_media":0,"parent":0,"menu_order":0,"comment_status":"closed","ping_status":"closed","template":"","meta":{"footnotes":""},"class_list":["post-10","page","type-page","status-publish","hentry"],"_links":{"self":[{"href":"https:\/\/wbv-ruegen.wbv-mv.de\/index.php?rest_route=\/wp\/v2\/pages\/10","targetHints":{"allow":["GET"]}}],"collection":[{"href":"https:\/\/wbv-ruegen.wbv-mv.de\/index.php?rest_route=\/wp\/v2\/pages"}],"about":[{"href":"https:\/\/wbv-ruegen.wbv-mv.de\/index.php?rest_route=\/wp\/v2\/types\/page"}],"author":[{"embeddable":true,"href":"https:\/\/wbv-ruegen.wbv-mv.de\/index.php?rest_route=\/wp\/v2\/users\/1"}],"replies":[{"embeddable":true,"href":"https:\/\/wbv-ruegen.wbv-mv.de\/index.php?rest_route=%2Fwp%2Fv2%2Fcomments&post=10"}],"version-history":[{"count":12,"href":"https:\/\/wbv-ruegen.wbv-mv.de\/index.php?rest_route=\/wp\/v2\/pages\/10\/revisions"}],"predecessor-version":[{"id":169,"href":"https:\/\/wbv-ruegen.wbv-mv.de\/index.php?rest_route=\/wp\/v2\/pages\/10\/revisions\/169"}],"wp:attachment":[{"href":"https:\/\/wbv-ruegen.wbv-mv.de\/index.php?rest_route=%2Fwp%2Fv2%2Fmedia&parent=10"}],"curies":[{"name":"wp","href":"https:\/\/api.w.org\/{rel}","templated":true}]}}