{"id":107,"date":"2016-12-12T13:24:55","date_gmt":"2016-12-12T12:24:55","guid":{"rendered":"http:\/\/wbv-ruegen.wbv-mv.de\/?page_id=107"},"modified":"2017-05-24T13:40:22","modified_gmt":"2017-05-24T11:40:22","slug":"dingliche","status":"publish","type":"page","link":"https:\/\/wbv-ruegen.wbv-mv.de\/?page_id=107","title":{"rendered":"Dingliche Mitglieder"},"content":{"rendered":"<p>Bundesamt f\u00fcr Immobilienaufgaben<\/p>\n<p>Deutsche Bahn AG<\/p>\n<p>Stra\u00dfenbauamt (Bundesstra\u00dfen)<\/p>\n<p>Land Mecklenburg-Vorpommern<\/p>\n<p>Landkreis Vorpommern-R\u00fcgen<\/p>\n<p>R\u00f6misch-Katholische Kirche<\/p>\n<p>Arbeiterwohlfahrt<\/p>\n<p>F\u00f6rderverein Umweltschule<\/p>\n<p>Stiftung f\u00fcr Umwelt und Natur<\/p>\n<p>Zweckverband Wasserversorgung und Abwasserbehandlung R\u00fcgen<\/p>\n<p>Wasser- und Schifffahrtsamt<\/p>\n<p>Landschaftspflegeverband<\/p>\n<p>WBV &#8222;R\u00fcgen&#8220;<\/p>\n<p>Kirchengemeinden Altenkirchen, Wiek, Altef\u00e4hr, Bobbin, Garz, Gingst, \u00a0Kasnevitz, Kloster, Lancken-Granitz, Neuenkirchen, Patzig, Poseritz, Rambin, Rappin, Samtens, Sagard, Sassnitz, Schaprode, Trent, Waase, Binz, Zudar, Bergen, Sehlen, Putbus, M\u00f6nchgut-Sellin, Vilmnitz<\/p>\n","protected":false},"excerpt":{"rendered":"<p>Bundesamt f\u00fcr Immobilienaufgaben Deutsche Bahn AG Stra\u00dfenbauamt (Bundesstra\u00dfen) Land Mecklenburg-Vorpommern Landkreis Vorpommern-R\u00fcgen R\u00f6misch-Katholische Kirche Arbeiterwohlfahrt F\u00f6rderverein Umweltschule Stiftung f\u00fcr Umwelt und Natur Zweckverband Wasserversorgung und Abwasserbehandlung R\u00fcgen Wasser- und Schifffahrtsamt Landschaftspflegeverband WBV &#8222;R\u00fcgen&#8220; Kirchengemeinden Altenkirchen, Wiek, Altef\u00e4hr, Bobbin, Garz, Gingst, \u00a0Kasnevitz, Kloster, Lancken-Granitz, Neuenkirchen, Patzig, Poseritz, Rambin, Rappin, Samtens, Sagard, Sassnitz, Schaprode, Trent, Waase, Binz, [&hellip;]<\/p>\n","protected":false},"author":2,"featured_media":0,"parent":73,"menu_order":0,"comment_status":"closed","ping_status":"closed","template":"","meta":{"footnotes":""},"class_list":["post-107","page","type-page","status-publish","hentry"],"_links":{"self":[{"href":"https:\/\/wbv-ruegen.wbv-mv.de\/index.php?rest_route=\/wp\/v2\/pages\/107","targetHints":{"allow":["GET"]}}],"collection":[{"href":"https:\/\/wbv-ruegen.wbv-mv.de\/index.php?rest_route=\/wp\/v2\/pages"}],"about":[{"href":"https:\/\/wbv-ruegen.wbv-mv.de\/index.php?rest_route=\/wp\/v2\/types\/page"}],"author":[{"embeddable":true,"href":"https:\/\/wbv-ruegen.wbv-mv.de\/index.php?rest_route=\/wp\/v2\/users\/2"}],"replies":[{"embeddable":true,"href":"https:\/\/wbv-ruegen.wbv-mv.de\/index.php?rest_route=%2Fwp%2Fv2%2Fcomments&post=107"}],"version-history":[{"count":7,"href":"https:\/\/wbv-ruegen.wbv-mv.de\/index.php?rest_route=\/wp\/v2\/pages\/107\/revisions"}],"predecessor-version":[{"id":948,"href":"https:\/\/wbv-ruegen.wbv-mv.de\/index.php?rest_route=\/wp\/v2\/pages\/107\/revisions\/948"}],"up":[{"embeddable":true,"href":"https:\/\/wbv-ruegen.wbv-mv.de\/index.php?rest_route=\/wp\/v2\/pages\/73"}],"wp:attachment":[{"href":"https:\/\/wbv-ruegen.wbv-mv.de\/index.php?rest_route=%2Fwp%2Fv2%2Fmedia&parent=107"}],"curies":[{"name":"wp","href":"https:\/\/api.w.org\/{rel}","templated":true}]}}