{"id":12,"date":"2016-12-09T09:11:30","date_gmt":"2016-12-09T08:11:30","guid":{"rendered":"http:\/\/wbv-ruegen.wbv-mv.de\/?page_id=12"},"modified":"2025-12-29T13:50:17","modified_gmt":"2025-12-29T12:50:17","slug":"satzung","status":"publish","type":"page","link":"https:\/\/wbv-ruegen.wbv-mv.de\/?page_id=12","title":{"rendered":"Gesetzliche Grundlagen"},"content":{"rendered":"<h3><a href=\"https:\/\/wbv-ruegen.wbv-mv.de\/wp-content\/uploads\/2025\/12\/3034_7946_1.pdf\">Satzung des WBV vom 12.12.2025<\/a>\u00a0<span style=\"font-size: 14pt;\">ver\u00f6ffentlicht am 18.12.2025 auf der Internetseite des Landkreises Vorpommern-R\u00fcgen<\/span><\/h3>\n<h3><\/h3>\n<p><a href=\"http:\/\/wbv-ruegen.wbv-mv.de\/wp-content\/uploads\/2016\/12\/GUVG_MV.pdf\">GUVG_MV<\/a><\/p>\n<p><a href=\"http:\/\/wbv-ruegen.wbv-mv.de\/wp-content\/uploads\/2016\/12\/Wasserverbandsgesetz.pdf\">Wasserverbandsgesetz<\/a><\/p>\n<p><a href=\"http:\/\/wbv-ruegen.wbv-mv.de\/wp-content\/uploads\/2016\/12\/Wasserverbandsausf\u00fchrungsgesetz.pdf\">Wasserverbandsausf\u00fchrungsgesetz<\/a><\/p>\n<p><a href=\"http:\/\/wbv-ruegen.wbv-mv.de\/wp-content\/uploads\/2016\/12\/Wasserhaushaltsgesetz.pdf\">Wasserhaushaltsgesetz<\/a><\/p>\n<p><a href=\"http:\/\/wbv-ruegen.wbv-mv.de\/wp-content\/uploads\/2016\/12\/Wassergesetz-des-Landes-Mecklenburg-Vorpommern.pdf\">Wassergesetz des Landes Mecklenburg-Vorpommern<\/a><\/p>\n<p><a href=\"https:\/\/wbv-ruegen.wbv-mv.de\/wp-content\/uploads\/2020\/11\/Wertgrenzenerlass-2020.pdf\">Wertgrenzenerlass-MV-2020<\/a> ver\u00f6ffentlicht im AmtsBl M-V 2018 S. 666, zuletzt ge\u00e4ndert durch Verwaltungsvorschrift vom 14.07.2020 (AmtsBl. M-V 2020 S. 348<\/p>\n<p><a href=\"http:\/\/wbv-ruegen.wbv-mv.de\/wp-content\/uploads\/2016\/12\/Wasserverbandshaushaltsverordnung.pdf\">Wasserverbandshaushaltsverordnung<\/a>\u00a0ver\u00f6ffentlicht im Gesetz- und Verordnungsblatt f\u00fcr Mecklenburg-Vorpommern 2000 Nr. 10<\/p>\n<p><a href=\"http:\/\/wbv-ruegen.wbv-mv.de\/wp-content\/uploads\/2017\/03\/Ausf\u00fchrungsanweisung-zur-Wasserverbandshaushaltsverordnung-des-Landes-M-V.pdf\">Ausf\u00fchrungsanweisung zur Wasserverbandshaushaltsverordnung des Landes M-V<\/a>\u00a0 ver\u00f6ffentlicht im Amtsblatt f\u00fcr Mecklenburg-Vorpommern 2000 Nr. 56<\/p>\n<p><a href=\"http:\/\/wbv-ruegen.wbv-mv.de\/wp-content\/uploads\/2017\/03\/Gliederungs-und-Gruppierungsplan-f\u00fcr-die-Haushalte-der-Wasser-und-Bodenverb\u00e4nde-in-M-V.pdf\">Gliederungs- und Gruppierungsplan f\u00fcr die Haushalte der Wasser- und Bodenverb\u00e4nde in M-V<\/a>\u00a0ver\u00f6ffentlicht im Amtsblatt \u00a0Mecklenburg-Vorpommern 2000 Nr. 56<\/p>\n<p>&nbsp;<\/p>\n<p>&nbsp;<\/p>\n<p>&nbsp;<\/p>\n<p>&nbsp;<\/p>\n<p>&nbsp;<\/p>\n<p>&nbsp;<\/p>\n<p><!--more--><\/p>\n","protected":false},"excerpt":{"rendered":"<p>Satzung des WBV vom 12.12.2025\u00a0ver\u00f6ffentlicht am 18.12.2025 auf der Internetseite des Landkreises Vorpommern-R\u00fcgen GUVG_MV Wasserverbandsgesetz Wasserverbandsausf\u00fchrungsgesetz Wasserhaushaltsgesetz Wassergesetz des Landes Mecklenburg-Vorpommern Wertgrenzenerlass-MV-2020 ver\u00f6ffentlicht im AmtsBl M-V 2018 S. 666, zuletzt ge\u00e4ndert durch Verwaltungsvorschrift vom 14.07.2020 (AmtsBl. M-V 2020 S. 348 Wasserverbandshaushaltsverordnung\u00a0ver\u00f6ffentlicht im Gesetz- und Verordnungsblatt f\u00fcr Mecklenburg-Vorpommern 2000 Nr. 10 Ausf\u00fchrungsanweisung zur Wasserverbandshaushaltsverordnung des Landes [&hellip;]<\/p>\n","protected":false},"author":1,"featured_media":0,"parent":14,"menu_order":0,"comment_status":"closed","ping_status":"closed","template":"","meta":{"footnotes":""},"class_list":["post-12","page","type-page","status-publish","hentry"],"_links":{"self":[{"href":"https:\/\/wbv-ruegen.wbv-mv.de\/index.php?rest_route=\/wp\/v2\/pages\/12","targetHints":{"allow":["GET"]}}],"collection":[{"href":"https:\/\/wbv-ruegen.wbv-mv.de\/index.php?rest_route=\/wp\/v2\/pages"}],"about":[{"href":"https:\/\/wbv-ruegen.wbv-mv.de\/index.php?rest_route=\/wp\/v2\/types\/page"}],"author":[{"embeddable":true,"href":"https:\/\/wbv-ruegen.wbv-mv.de\/index.php?rest_route=\/wp\/v2\/users\/1"}],"replies":[{"embeddable":true,"href":"https:\/\/wbv-ruegen.wbv-mv.de\/index.php?rest_route=%2Fwp%2Fv2%2Fcomments&post=12"}],"version-history":[{"count":19,"href":"https:\/\/wbv-ruegen.wbv-mv.de\/index.php?rest_route=\/wp\/v2\/pages\/12\/revisions"}],"predecessor-version":[{"id":5633,"href":"https:\/\/wbv-ruegen.wbv-mv.de\/index.php?rest_route=\/wp\/v2\/pages\/12\/revisions\/5633"}],"up":[{"embeddable":true,"href":"https:\/\/wbv-ruegen.wbv-mv.de\/index.php?rest_route=\/wp\/v2\/pages\/14"}],"wp:attachment":[{"href":"https:\/\/wbv-ruegen.wbv-mv.de\/index.php?rest_route=%2Fwp%2Fv2%2Fmedia&parent=12"}],"curies":[{"name":"wp","href":"https:\/\/api.w.org\/{rel}","templated":true}]}}