{"id":16,"date":"2016-12-09T09:12:51","date_gmt":"2016-12-09T08:12:51","guid":{"rendered":"http:\/\/wbv-ruegen.wbv-mv.de\/?page_id=16"},"modified":"2017-03-03T09:13:26","modified_gmt":"2017-03-03T08:13:26","slug":"aufgaben","status":"publish","type":"page","link":"https:\/\/wbv-ruegen.wbv-mv.de\/?page_id=16","title":{"rendered":"Aufgaben"},"content":{"rendered":"<ul>\n<li><em>Gew\u00e4sserunterhaltung der Gew\u00e4sser zweiter Ordnung im\u00a0 Verbandsgebiet per Gesetz (\u00a7 39 <a href=\"http:\/\/wbv-ruegen.wbv-mv.de\/wp-content\/uploads\/2016\/12\/Wasserhaushaltsgesetz.pdf\">WHG<\/a>) einschlie\u00dflich<\/em><\/li>\n<li><em>Sch\u00f6pfwerksbetrieb- und \u2013unterhaltung, als Anlagen, die der Abf\u00fchrung des Wassers dienen (\u00a7 62 <a href=\"http:\/\/wbv-ruegen.wbv-mv.de\/wp-content\/uploads\/2016\/12\/Wassergesetz-des-Landes-Mecklenburg-Vorpommern.pdf\">LWaG<\/a>)<\/em><\/li>\n<li><em>Deichunterhaltung<\/em><\/li>\n<\/ul>\n<p><em>dar\u00fcber hinaus<\/em><\/p>\n<ul>\n<li><em>Gew\u00e4sserausbau im Auftrag der Gemeinde nach Satzung<\/em><\/li>\n<li><em>weitere Aufgaben sind nach Wasserverbandsgesetz (<a href=\"http:\/\/wbv-ruegen.wbv-mv.de\/wp-content\/uploads\/2016\/12\/Wasserverbandsgesetz.pdf\">WVG<\/a>) m\u00f6glich<\/em><\/li>\n<\/ul>\n","protected":false},"excerpt":{"rendered":"<p>Gew\u00e4sserunterhaltung der Gew\u00e4sser zweiter Ordnung im\u00a0 Verbandsgebiet per Gesetz (\u00a7 39 WHG) einschlie\u00dflich Sch\u00f6pfwerksbetrieb- und \u2013unterhaltung, als Anlagen, die der Abf\u00fchrung des Wassers dienen (\u00a7 62 LWaG) Deichunterhaltung dar\u00fcber hinaus Gew\u00e4sserausbau im Auftrag der Gemeinde nach Satzung weitere Aufgaben sind nach Wasserverbandsgesetz (WVG) m\u00f6glich<\/p>\n","protected":false},"author":1,"featured_media":0,"parent":14,"menu_order":0,"comment_status":"closed","ping_status":"closed","template":"","meta":{"footnotes":""},"class_list":["post-16","page","type-page","status-publish","hentry"],"_links":{"self":[{"href":"https:\/\/wbv-ruegen.wbv-mv.de\/index.php?rest_route=\/wp\/v2\/pages\/16","targetHints":{"allow":["GET"]}}],"collection":[{"href":"https:\/\/wbv-ruegen.wbv-mv.de\/index.php?rest_route=\/wp\/v2\/pages"}],"about":[{"href":"https:\/\/wbv-ruegen.wbv-mv.de\/index.php?rest_route=\/wp\/v2\/types\/page"}],"author":[{"embeddable":true,"href":"https:\/\/wbv-ruegen.wbv-mv.de\/index.php?rest_route=\/wp\/v2\/users\/1"}],"replies":[{"embeddable":true,"href":"https:\/\/wbv-ruegen.wbv-mv.de\/index.php?rest_route=%2Fwp%2Fv2%2Fcomments&post=16"}],"version-history":[{"count":5,"href":"https:\/\/wbv-ruegen.wbv-mv.de\/index.php?rest_route=\/wp\/v2\/pages\/16\/revisions"}],"predecessor-version":[{"id":842,"href":"https:\/\/wbv-ruegen.wbv-mv.de\/index.php?rest_route=\/wp\/v2\/pages\/16\/revisions\/842"}],"up":[{"embeddable":true,"href":"https:\/\/wbv-ruegen.wbv-mv.de\/index.php?rest_route=\/wp\/v2\/pages\/14"}],"wp:attachment":[{"href":"https:\/\/wbv-ruegen.wbv-mv.de\/index.php?rest_route=%2Fwp%2Fv2%2Fmedia&parent=16"}],"curies":[{"name":"wp","href":"https:\/\/api.w.org\/{rel}","templated":true}]}}