{"id":18,"date":"2016-12-09T09:13:50","date_gmt":"2016-12-09T08:13:50","guid":{"rendered":"http:\/\/wbv-ruegen.wbv-mv.de\/?page_id=18"},"modified":"2017-01-18T11:39:05","modified_gmt":"2017-01-18T10:39:05","slug":"entstehung","status":"publish","type":"page","link":"https:\/\/wbv-ruegen.wbv-mv.de\/?page_id=18","title":{"rendered":"Entstehung"},"content":{"rendered":"<h3 style=\"text-align: center;\"><span style=\"text-decoration: underline;\"><span style=\"color: #003366;\"><strong><em>Ausgangsituation<\/em><\/strong><\/span><\/span><\/h3>\n<p style=\"text-align: center;\">Gr\u00fcndung der Wasser- und Bodenverb\u00e4nde (WBV) landesweit in Mecklenburg-Vorpommern in den Jahren 1992\/1993<\/p>\n<p style=\"text-align: center;\">Grundlage f\u00fcr die Gr\u00fcndung war das Gesetz \u00fcber die Bildung von Gew\u00e4sserunterhaltungsverb\u00e4nden (<a href=\"http:\/\/wbv-ruegen.wbv-mv.de\/?page_id=12\">GUVG<\/a>) vom 04.08.1992, zuletzt ge\u00e4ndert am 26. November 2015 (GVOBl. M\u00adV S. 474)<\/p>\n<p style=\"text-align: center;\"><em>1 GUVG<\/em><\/p>\n<p style=\"text-align: center;\"><em>F\u00fcr die Unterhaltung der Gew\u00e4sser zweiter Ordnung werden durch dieses Gesetz Unterhaltungsverb\u00e4nde (Wasser- und Bodenverb\u00e4nde) nach Wasserverbandsgesetz f\u00fcr die Gew\u00e4ssereinzugsgebiete entsprechend der Anlage zu diesem Gesetz gegr\u00fcndet.<\/em><\/p>\n","protected":false},"excerpt":{"rendered":"<p>Ausgangsituation Gr\u00fcndung der Wasser- und Bodenverb\u00e4nde (WBV) landesweit in Mecklenburg-Vorpommern in den Jahren 1992\/1993 Grundlage f\u00fcr die Gr\u00fcndung war das Gesetz \u00fcber die Bildung von Gew\u00e4sserunterhaltungsverb\u00e4nden (GUVG) vom 04.08.1992, zuletzt ge\u00e4ndert am 26. November 2015 (GVOBl. M\u00adV S. 474) 1 GUVG F\u00fcr die Unterhaltung der Gew\u00e4sser zweiter Ordnung werden durch dieses Gesetz Unterhaltungsverb\u00e4nde (Wasser- und [&hellip;]<\/p>\n","protected":false},"author":1,"featured_media":0,"parent":14,"menu_order":0,"comment_status":"closed","ping_status":"closed","template":"","meta":{"footnotes":""},"class_list":["post-18","page","type-page","status-publish","hentry"],"_links":{"self":[{"href":"https:\/\/wbv-ruegen.wbv-mv.de\/index.php?rest_route=\/wp\/v2\/pages\/18","targetHints":{"allow":["GET"]}}],"collection":[{"href":"https:\/\/wbv-ruegen.wbv-mv.de\/index.php?rest_route=\/wp\/v2\/pages"}],"about":[{"href":"https:\/\/wbv-ruegen.wbv-mv.de\/index.php?rest_route=\/wp\/v2\/types\/page"}],"author":[{"embeddable":true,"href":"https:\/\/wbv-ruegen.wbv-mv.de\/index.php?rest_route=\/wp\/v2\/users\/1"}],"replies":[{"embeddable":true,"href":"https:\/\/wbv-ruegen.wbv-mv.de\/index.php?rest_route=%2Fwp%2Fv2%2Fcomments&post=18"}],"version-history":[{"count":3,"href":"https:\/\/wbv-ruegen.wbv-mv.de\/index.php?rest_route=\/wp\/v2\/pages\/18\/revisions"}],"predecessor-version":[{"id":409,"href":"https:\/\/wbv-ruegen.wbv-mv.de\/index.php?rest_route=\/wp\/v2\/pages\/18\/revisions\/409"}],"up":[{"embeddable":true,"href":"https:\/\/wbv-ruegen.wbv-mv.de\/index.php?rest_route=\/wp\/v2\/pages\/14"}],"wp:attachment":[{"href":"https:\/\/wbv-ruegen.wbv-mv.de\/index.php?rest_route=%2Fwp%2Fv2%2Fmedia&parent=18"}],"curies":[{"name":"wp","href":"https:\/\/api.w.org\/{rel}","templated":true}]}}