{"id":263,"date":"2017-01-05T13:49:01","date_gmt":"2017-01-05T12:49:01","guid":{"rendered":"http:\/\/wbv-ruegen.wbv-mv.de\/?page_id=263"},"modified":"2025-06-12T10:41:45","modified_gmt":"2025-06-12T08:41:45","slug":"deiche","status":"publish","type":"page","link":"https:\/\/wbv-ruegen.wbv-mv.de\/?page_id=263","title":{"rendered":"Unterhaltungsbestand Deiche"},"content":{"rendered":"<p>&nbsp;<\/p>\n<table style=\"width: 100%; height: 1516px;\">\n<tbody>\n<tr style=\"height: 42px;\">\n<td style=\"width: 8.61789%; height: 42px;\"><strong>Nr.<\/strong><\/td>\n<td style=\"width: 23.7398%; height: 42px;\"><strong>Deichname<\/strong><\/td>\n<td style=\"width: 38.8618%; text-align: center; height: 42px;\"><b>Fl\u00e4che in ha<\/b><\/td>\n<td style=\"width: 28.6179%; height: 42px;\"><strong>Karte<\/strong><\/td>\n<\/tr>\n<tr style=\"height: 113px;\">\n<td style=\"width: 8.61789%; height: 113px;\">405<\/td>\n<td style=\"width: 23.7398%; height: 113px;\">B II 5, Gurvitz<\/td>\n<td style=\"text-align: right; width: 38.8618%; height: 113px;\">\u00a037,37<\/td>\n<td style=\"width: 28.6179%; height: 113px;\">\u00a0<a href=\"http:\/\/wbv-ruegen.wbv-mv.de\/wp-content\/uploads\/2017\/01\/B-II-5.pdf\">Karte B II 5<\/a><\/p>\n<p><a href=\"https:\/\/wbv-ruegen.wbv-mv.de\/wp-content\/uploads\/2025\/06\/405_FL-B-II-5-Gurvitz-Breesen.pdf\">Flurst\u00fccksliste<\/a><\/td>\n<\/tr>\n<tr style=\"height: 113px;\">\n<td style=\"width: 8.61789%; height: 113px;\">410<\/td>\n<td style=\"width: 23.7398%; height: 113px;\">B II 10, Unrow II<\/td>\n<td style=\"text-align: right; width: 38.8618%; height: 113px;\">41,54<\/td>\n<td style=\"width: 28.6179%; height: 113px;\">\u00a0<a href=\"http:\/\/wbv-ruegen.wbv-mv.de\/wp-content\/uploads\/2017\/01\/B-II-10.pdf\">Karte B II 10<\/a><\/p>\n<p><a href=\"https:\/\/wbv-ruegen.wbv-mv.de\/wp-content\/uploads\/2025\/06\/410_FL-B-II-10-Unrow-II.pdf\">Flurst\u00fccksliste<\/a><\/td>\n<\/tr>\n<tr style=\"height: 113px;\">\n<td style=\"width: 8.61789%; height: 113px;\">411<\/td>\n<td style=\"width: 23.7398%; height: 113px;\">B II 11, L\u00fc\u00dfvitz<\/td>\n<td style=\"text-align: right; width: 38.8618%; height: 113px;\">85,08<\/td>\n<td style=\"width: 28.6179%; height: 113px;\">\u00a0<a href=\"http:\/\/wbv-ruegen.wbv-mv.de\/wp-content\/uploads\/2017\/01\/B-II-11.pdf\">Karte B II 11<\/a><\/p>\n<p><a href=\"https:\/\/wbv-ruegen.wbv-mv.de\/wp-content\/uploads\/2025\/06\/411_FL-B-II-Luessvitz.pdf\">Flurst\u00fccksliste<\/a><\/td>\n<\/tr>\n<tr style=\"height: 113px;\">\n<td style=\"width: 8.61789%; height: 113px;\">412<\/td>\n<td style=\"width: 23.7398%; height: 113px;\">B II 12, Kapelle<\/td>\n<td style=\"width: 38.8618%; text-align: right; height: 113px;\">40,98<\/td>\n<td style=\"width: 28.6179%; height: 113px;\">\u00a0<a href=\"http:\/\/wbv-ruegen.wbv-mv.de\/wp-content\/uploads\/2017\/01\/B-II-12.pdf\">Karte B II 12<\/a><\/p>\n<p><a href=\"https:\/\/wbv-ruegen.wbv-mv.de\/wp-content\/uploads\/2025\/06\/412_FL-B-II-12-Kapelle.pdf\">Flurst\u00fccksliste<\/a><\/td>\n<\/tr>\n<tr style=\"height: 113px;\">\n<td style=\"width: 8.61789%; height: 113px;\">414<\/td>\n<td style=\"width: 23.7398%; height: 113px;\">B II 14, Grosow<\/td>\n<td style=\"width: 38.8618%; text-align: right; height: 113px;\">47,66<\/td>\n<td style=\"width: 28.6179%; height: 113px;\">\u00a0<a href=\"http:\/\/wbv-ruegen.wbv-mv.de\/wp-content\/uploads\/2017\/01\/B-II-14.pdf\">Karte B II 14<\/a><\/p>\n<p><a href=\"https:\/\/wbv-ruegen.wbv-mv.de\/wp-content\/uploads\/2025\/06\/414_FL-B-II-14-Grosow.pdf\">Flurst\u00fccksliste<\/a><\/td>\n<\/tr>\n<tr style=\"height: 42px;\">\n<td style=\"width: 8.61789%; height: 42px;\">415<\/td>\n<td style=\"width: 23.7398%; height: 42px;\">B II 15, Freesen<\/td>\n<td style=\"width: 38.8618%; text-align: right; height: 42px;\">262,81<\/td>\n<td style=\"width: 28.6179%; height: 42px;\">\u00a0<a href=\"http:\/\/wbv-ruegen.wbv-mv.de\/wp-content\/uploads\/2017\/06\/B-II-15.pdf\">Karte B II 15<\/a><\/p>\n<p><a href=\"https:\/\/wbv-ruegen.wbv-mv.de\/wp-content\/uploads\/2025\/06\/415_FL-B-II-15-Freesen.pdf\">Flurst\u00fccksliste<\/a><\/td>\n<\/tr>\n<tr style=\"height: 113px;\">\n<td style=\"width: 8.61789%; height: 113px;\">417<\/td>\n<td style=\"width: 23.7398%; height: 113px;\">B II 17, Jabelitz<\/td>\n<td style=\"width: 38.8618%; text-align: right; height: 113px;\">63,97<\/td>\n<td style=\"width: 28.6179%; height: 113px;\">\u00a0<a href=\"http:\/\/wbv-ruegen.wbv-mv.de\/wp-content\/uploads\/2017\/01\/B-II-17.pdf\">Karte B II 17<\/a><\/p>\n<p><a href=\"https:\/\/wbv-ruegen.wbv-mv.de\/wp-content\/uploads\/2025\/06\/417_FL-B-II-17-Jabelitz.pdf\">Flurst\u00fccksliste<\/a><\/td>\n<\/tr>\n<tr style=\"height: 113px;\">\n<td style=\"width: 8.61789%; height: 113px;\">418<\/td>\n<td style=\"width: 23.7398%; height: 113px;\">B II 18, Kuckelvitz<\/td>\n<td style=\"width: 38.8618%; text-align: right; height: 113px;\">109,63<\/td>\n<td style=\"width: 28.6179%; height: 113px;\">\u00a0<a href=\"http:\/\/wbv-ruegen.wbv-mv.de\/wp-content\/uploads\/2017\/01\/B-II-18.pdf\">Karte B II 18<\/a><\/p>\n<p><a href=\"https:\/\/wbv-ruegen.wbv-mv.de\/wp-content\/uploads\/2025\/06\/418_FL-B-II-18-Kuckelvitz.pdf\">Flurst\u00fccksliste<\/a><\/td>\n<\/tr>\n<tr style=\"height: 42px;\">\n<td style=\"width: 8.61789%; height: 42px;\">427<\/td>\n<td style=\"width: 23.7398%; height: 42px;\">B II 27, Parchow<\/td>\n<td style=\"width: 38.8618%; text-align: right; height: 42px;\">\u00a044,81<\/td>\n<td style=\"width: 28.6179%; height: 42px;\">\u00a0<a href=\"http:\/\/wbv-ruegen.wbv-mv.de\/wp-content\/uploads\/2017\/02\/BII-27.pdf\">Karte B II 27<\/a><\/p>\n<p><a href=\"https:\/\/wbv-ruegen.wbv-mv.de\/wp-content\/uploads\/2025\/06\/427_FL-B-II-27-Parchow.pdf\">Flurst\u00fccksliste<\/a><\/td>\n<\/tr>\n<tr style=\"height: 60px;\">\n<td style=\"width: 8.61789%; height: 60px;\">428<\/td>\n<td style=\"width: 23.7398%; height: 60px;\">B II 28, Streu-Kiekut<\/td>\n<td style=\"width: 38.8618%; text-align: right; height: 60px;\">59,44<\/td>\n<td style=\"width: 28.6179%; height: 60px;\">\u00a0<a href=\"http:\/\/wbv-ruegen.wbv-mv.de\/wp-content\/uploads\/2017\/01\/B-II-28.pdf\">Karte B II 28<\/a><\/p>\n<p><a href=\"https:\/\/wbv-ruegen.wbv-mv.de\/wp-content\/uploads\/2025\/06\/428_FL-B-II-28-Streu-Kiekut.pdf\">Flurst\u00fccksliste<\/a><\/td>\n<\/tr>\n<tr style=\"height: 60px;\">\n<td style=\"width: 8.61789%; height: 60px;\">432<\/td>\n<td style=\"width: 23.7398%; height: 60px;\">B II 32, Puddemin<\/td>\n<td style=\"width: 38.8618%; text-align: right; height: 60px;\">123,26<\/td>\n<td style=\"width: 28.6179%; height: 60px;\">\u00a0<a href=\"http:\/\/wbv-ruegen.wbv-mv.de\/wp-content\/uploads\/2017\/01\/B-II-32.pdf\">Karte B II 32<\/a><\/p>\n<p><a href=\"https:\/\/wbv-ruegen.wbv-mv.de\/wp-content\/uploads\/2025\/06\/432_FL-B-II-32-Puddemin-B-II-41.pdf\">Flurst\u00fccksliste<\/a><\/td>\n<\/tr>\n<tr style=\"height: 42px;\">\n<td style=\"width: 8.61789%; height: 42px;\">434<\/td>\n<td style=\"width: 23.7398%; height: 42px;\">B II 34, Venzvitz<\/td>\n<td style=\"width: 38.8618%; text-align: right; height: 42px;\">\u00a072,38<\/td>\n<td style=\"width: 28.6179%; height: 42px;\">\u00a0<a href=\"http:\/\/wbv-ruegen.wbv-mv.de\/wp-content\/uploads\/2017\/01\/B-II-34.pdf\">Karte B II 34<\/a><\/p>\n<p><a href=\"https:\/\/wbv-ruegen.wbv-mv.de\/wp-content\/uploads\/2025\/06\/434_FL-B-II-34-Venzvitz.pdf\">Flurst\u00fccksliste<\/a><\/td>\n<\/tr>\n<tr style=\"height: 60px;\">\n<td style=\"width: 8.61789%; height: 60px;\">446<\/td>\n<td style=\"width: 23.7398%; height: 60px;\">B II 46, Neuensien<\/td>\n<td style=\"width: 38.8618%; text-align: right; height: 60px;\">63,83<\/td>\n<td style=\"width: 28.6179%; height: 60px;\">\u00a0<a href=\"http:\/\/wbv-ruegen.wbv-mv.de\/wp-content\/uploads\/2017\/01\/B-II-46.pdf\">Karte B II 46<\/a><\/p>\n<p><a href=\"https:\/\/wbv-ruegen.wbv-mv.de\/wp-content\/uploads\/2025\/06\/446_FL-B-II-46-Neuensien.pdf\">Flurst\u00fccksliste<\/a><\/td>\n<\/tr>\n<tr style=\"height: 42px;\">\n<td style=\"width: 8.61789%; height: 42px;\">447<\/td>\n<td style=\"width: 23.7398%; height: 42px;\">B II 47, Wiek<\/td>\n<td style=\"width: 38.8618%; text-align: right; height: 42px;\">110,48<\/td>\n<td style=\"width: 28.6179%; height: 42px;\">\u00a0<a href=\"http:\/\/wbv-ruegen.wbv-mv.de\/wp-content\/uploads\/2017\/01\/B-II-27.pdf\">Karte B II 47<\/a><\/p>\n<p><a href=\"https:\/\/wbv-ruegen.wbv-mv.de\/wp-content\/uploads\/2025\/06\/447_FL-B-II-47-Wiek-Kuhle.pdf\">Flurst\u00fccksliste<\/a><\/td>\n<\/tr>\n<tr style=\"height: 42px;\">\n<td style=\"width: 8.61789%; height: 42px;\">448<\/td>\n<td style=\"width: 23.7398%; height: 42px;\">B II 48, Libnitz<\/td>\n<td style=\"width: 38.8618%; text-align: right; height: 42px;\">\u00a0130,47<\/td>\n<td style=\"width: 28.6179%; height: 42px;\">\u00a0<a href=\"http:\/\/wbv-ruegen.wbv-mv.de\/wp-content\/uploads\/2017\/01\/B-II-48.pdf\">Karte B II 48<\/a><\/p>\n<p><a href=\"https:\/\/wbv-ruegen.wbv-mv.de\/wp-content\/uploads\/2025\/06\/448_FL-B-II-48-Libnitz.pdf\">Flurst\u00fccksliste<\/a><\/td>\n<\/tr>\n<tr style=\"height: 65px;\">\n<td style=\"width: 8.61789%; height: 65px;\">449<\/td>\n<td style=\"width: 23.7398%; height: 65px;\">B II 49, Rambin<\/td>\n<td style=\"width: 38.8618%; height: 65px;\">\n<p style=\"text-align: right;\">\u00a0342,47<\/p>\n<\/td>\n<td style=\"width: 28.6179%; height: 65px;\">\u00a0<a href=\"http:\/\/wbv-ruegen.wbv-mv.de\/wp-content\/uploads\/2017\/01\/B-II-49.pdf\">Karte B II 49<\/a><\/p>\n<p><a href=\"https:\/\/wbv-ruegen.wbv-mv.de\/wp-content\/uploads\/2025\/06\/449_FL-B-II-49-Rambin-Neuendorf.pdf\">Flurst\u00fccksliste<\/a><\/td>\n<\/tr>\n<tr style=\"height: 42px;\">\n<td style=\"width: 8.61789%; height: 42px;\">451<\/td>\n<td style=\"width: 23.7398%; height: 42px;\">B II 51, Udars<\/td>\n<td style=\"width: 38.8618%; text-align: right; height: 42px;\">\u00a0245,07<\/td>\n<td style=\"width: 28.6179%; height: 42px;\">\u00a0<a href=\"http:\/\/wbv-ruegen.wbv-mv.de\/wp-content\/uploads\/2017\/01\/B-II-51.pdf\">Karte B II 51<\/a><\/p>\n<p><a href=\"https:\/\/wbv-ruegen.wbv-mv.de\/wp-content\/uploads\/2025\/06\/451_FL-B-II-51-Udars.pdf\">Flurst\u00fccksliste<\/a><\/td>\n<\/tr>\n<tr style=\"height: 42px;\">\n<td style=\"width: 8.61789%; height: 42px;\">454<\/td>\n<td style=\"width: 23.7398%; height: 42px;\">B II 54, Tetzitz<\/td>\n<td style=\"width: 38.8618%; text-align: right; height: 42px;\">\u00a0150,54<\/td>\n<td style=\"width: 28.6179%; height: 42px;\">\u00a0<a href=\"http:\/\/wbv-ruegen.wbv-mv.de\/wp-content\/uploads\/2017\/01\/B-II-54.pdf\">Karte B II 54<\/a><\/p>\n<p><a href=\"https:\/\/wbv-ruegen.wbv-mv.de\/wp-content\/uploads\/2025\/06\/454_FL-B-II-54-Tetzitz.pdf\">Flurst\u00fccksliste<\/a><\/td>\n<\/tr>\n<tr style=\"height: 60px;\">\n<td style=\"width: 8.61789%; height: 60px;\">455<\/td>\n<td style=\"width: 23.7398%; height: 60px;\">B II 55, Moisselbritz<\/td>\n<td style=\"text-align: right; height: 60px; width: 38.8618%;\">20,62<\/td>\n<td style=\"width: 28.6179%; height: 60px;\"><a href=\"http:\/\/wbv-ruegen.wbv-mv.de\/wp-content\/uploads\/2018\/07\/Moisselbritz-455.pdf\">Karte B II 55<\/a><\/p>\n<p><a href=\"https:\/\/wbv-ruegen.wbv-mv.de\/wp-content\/uploads\/2024\/05\/455_FL-B-II-55-Moisselbritz.pdf\">Flurst\u00fccksliste<\/a><\/td>\n<\/tr>\n<tr style=\"height: 42px;\">\n<td style=\"width: 8.61789%; height: 42px;\">456<\/td>\n<td style=\"width: 23.7398%; height: 42px;\">B II 56, Baabe<\/td>\n<td style=\"width: 38.8618%; text-align: right; height: 42px;\">\u00a0165,50<\/td>\n<td style=\"width: 28.6179%; height: 42px;\">\u00a0<a href=\"http:\/\/wbv-ruegen.wbv-mv.de\/wp-content\/uploads\/2017\/01\/B-II-56.pdf\">Karte B II 56<\/a><\/p>\n<p><a href=\"https:\/\/wbv-ruegen.wbv-mv.de\/wp-content\/uploads\/2025\/06\/456_FL-B-II-56-Baabe.pdf\">Flurst\u00fccksliste<\/a><\/td>\n<\/tr>\n<tr style=\"height: 42px;\">\n<td style=\"width: 8.61789%; height: 42px;\">499<\/td>\n<td style=\"width: 23.7398%; height: 42px;\">B II 57, Mellnitz<\/td>\n<td style=\"width: 38.8618%; text-align: right; height: 42px;\">\u00a092,29<\/td>\n<td style=\"width: 28.6179%; height: 42px;\">\u00a0<a href=\"http:\/\/wbv-ruegen.wbv-mv.de\/wp-content\/uploads\/2017\/01\/B-II-57.pdf\">Karte B II 57<\/a><\/p>\n<p><a href=\"https:\/\/wbv-ruegen.wbv-mv.de\/wp-content\/uploads\/2025\/06\/499_FL-B-II-57-Mellnitz.pdf\">Flurst\u00fccksliste<\/a><\/td>\n<\/tr>\n<\/tbody>\n<\/table>\n<p><a href=\"https:\/\/wbv-ruegen.wbv-mv.de\/wp-content\/uploads\/2025\/06\/Unterhaltungsbestand-Deiche-2025.pdf\">Download Unterhaltungsbestand<\/a><\/p>\n<p>&nbsp;<\/p>\n<p>&nbsp;<\/p>\n<p>&nbsp;<\/p>\n","protected":false},"excerpt":{"rendered":"<p>&nbsp; Nr. Deichname Fl\u00e4che in ha Karte 405 B II 5, Gurvitz \u00a037,37 \u00a0Karte B II 5 Flurst\u00fccksliste 410 B II 10, Unrow II 41,54 \u00a0Karte B II 10 Flurst\u00fccksliste 411 B II 11, L\u00fc\u00dfvitz 85,08 \u00a0Karte B II 11 Flurst\u00fccksliste 412 B II 12, Kapelle 40,98 \u00a0Karte B II 12 Flurst\u00fccksliste 414 B II [&hellip;]<\/p>\n","protected":false},"author":2,"featured_media":0,"parent":76,"menu_order":0,"comment_status":"closed","ping_status":"closed","template":"","meta":{"footnotes":""},"class_list":["post-263","page","type-page","status-publish","hentry"],"_links":{"self":[{"href":"https:\/\/wbv-ruegen.wbv-mv.de\/index.php?rest_route=\/wp\/v2\/pages\/263","targetHints":{"allow":["GET"]}}],"collection":[{"href":"https:\/\/wbv-ruegen.wbv-mv.de\/index.php?rest_route=\/wp\/v2\/pages"}],"about":[{"href":"https:\/\/wbv-ruegen.wbv-mv.de\/index.php?rest_route=\/wp\/v2\/types\/page"}],"author":[{"embeddable":true,"href":"https:\/\/wbv-ruegen.wbv-mv.de\/index.php?rest_route=\/wp\/v2\/users\/2"}],"replies":[{"embeddable":true,"href":"https:\/\/wbv-ruegen.wbv-mv.de\/index.php?rest_route=%2Fwp%2Fv2%2Fcomments&post=263"}],"version-history":[{"count":103,"href":"https:\/\/wbv-ruegen.wbv-mv.de\/index.php?rest_route=\/wp\/v2\/pages\/263\/revisions"}],"predecessor-version":[{"id":5540,"href":"https:\/\/wbv-ruegen.wbv-mv.de\/index.php?rest_route=\/wp\/v2\/pages\/263\/revisions\/5540"}],"up":[{"embeddable":true,"href":"https:\/\/wbv-ruegen.wbv-mv.de\/index.php?rest_route=\/wp\/v2\/pages\/76"}],"wp:attachment":[{"href":"https:\/\/wbv-ruegen.wbv-mv.de\/index.php?rest_route=%2Fwp%2Fv2%2Fmedia&parent=263"}],"curies":[{"name":"wp","href":"https:\/\/api.w.org\/{rel}","templated":true}]}}