{"id":44,"date":"2016-12-09T11:30:41","date_gmt":"2016-12-09T10:30:41","guid":{"rendered":"http:\/\/wbv-ruegen.wbv-mv.de\/?page_id=44"},"modified":"2024-07-21T17:08:25","modified_gmt":"2024-07-21T15:08:25","slug":"bekanntmachungen","status":"publish","type":"page","link":"https:\/\/wbv-ruegen.wbv-mv.de\/?page_id=44","title":{"rendered":"Gew\u00e4sserunterhaltung"},"content":{"rendered":"<p style=\"text-align: center;\"><strong>Bekanntmachung des Wasser- und Bodenverbandes \u201eR\u00fcgen\u201c zur Gew\u00e4sser- und Deichunterhaltung<\/strong><\/p>\n<p>Der Wasser- und Bodenverband \u201eR\u00fcgen&#8220; gibt bekannt, dass die j\u00e4hrlichen M\u00e4harbeiten an den Gew\u00e4ssern 2. Ordnung in der Zeit vom 01. August bis 15. Dezember durchgef\u00fchrt werden.<\/p>\n<p>Des Weiteren werden die Grabenr\u00e4umungen, Reparaturen und Holzungen entsprechend dem abgestimmten Unterhaltungsplan, den Festlegungen der Verbandsschauen und den notwendig werdenden Korrekturen innerhalb des Jahres realisiert.<\/p>\n<p>Die zweimalige Mahd der Deiche 2. Ordnung erfolgt in der Zeit vom 01. Mai bis \u00a0 \u00a0\u00a0 30. Oktober.<\/p>\n<p>Die Anlieger an den Gew\u00e4ssern und Deichen sind aufgefordert, die Zug\u00e4nglichkeit zu gew\u00e4hren. Entlang der B\u00f6schungsoberkanten der Gew\u00e4sser ist ein beidseitiger Unterhaltungsstreifen in einer Breite von 5 m so zu bewirtschaften, dass die Unterhaltung nicht behindert wird.<\/p>\n<p>Gem\u00e4\u00df \u00a7\u00a7 65 und 66 Wassergesetz des Landes M-V (LWaG) vom 30. November 1992 (GVOBl. M-V S. 669), zuletzt ge\u00e4ndert durch Art. 3 des Gesetzes vom 17. Dezember 2015 (GVOBl. M-V S. 583, 584) haben die Anlieger und Hinterlieger das Aufbringen und Einebnen des Aushubs auf ihren Grundst\u00fccken zu dulden, soweit dadurch die bisherige Nutzung nicht dauerhaft beeintr\u00e4chtigt wird, und ggf. entstehende Mehrkosten zu ersetzen.<\/p>\n<p>gez. Carstens<\/p>\n<p>Verbandsvorsteher<\/p>\n","protected":false},"excerpt":{"rendered":"<p>Bekanntmachung des Wasser- und Bodenverbandes \u201eR\u00fcgen\u201c zur Gew\u00e4sser- und Deichunterhaltung Der Wasser- und Bodenverband \u201eR\u00fcgen&#8220; gibt bekannt, dass die j\u00e4hrlichen M\u00e4harbeiten an den Gew\u00e4ssern 2. Ordnung in der Zeit vom 01. August bis 15. Dezember durchgef\u00fchrt werden. Des Weiteren werden die Grabenr\u00e4umungen, Reparaturen und Holzungen entsprechend dem abgestimmten Unterhaltungsplan, den Festlegungen der Verbandsschauen und den [&hellip;]<\/p>\n","protected":false},"author":2,"featured_media":0,"parent":84,"menu_order":0,"comment_status":"closed","ping_status":"closed","template":"","meta":{"footnotes":""},"class_list":["post-44","page","type-page","status-publish","hentry"],"_links":{"self":[{"href":"https:\/\/wbv-ruegen.wbv-mv.de\/index.php?rest_route=\/wp\/v2\/pages\/44","targetHints":{"allow":["GET"]}}],"collection":[{"href":"https:\/\/wbv-ruegen.wbv-mv.de\/index.php?rest_route=\/wp\/v2\/pages"}],"about":[{"href":"https:\/\/wbv-ruegen.wbv-mv.de\/index.php?rest_route=\/wp\/v2\/types\/page"}],"author":[{"embeddable":true,"href":"https:\/\/wbv-ruegen.wbv-mv.de\/index.php?rest_route=\/wp\/v2\/users\/2"}],"replies":[{"embeddable":true,"href":"https:\/\/wbv-ruegen.wbv-mv.de\/index.php?rest_route=%2Fwp%2Fv2%2Fcomments&post=44"}],"version-history":[{"count":17,"href":"https:\/\/wbv-ruegen.wbv-mv.de\/index.php?rest_route=\/wp\/v2\/pages\/44\/revisions"}],"predecessor-version":[{"id":5364,"href":"https:\/\/wbv-ruegen.wbv-mv.de\/index.php?rest_route=\/wp\/v2\/pages\/44\/revisions\/5364"}],"up":[{"embeddable":true,"href":"https:\/\/wbv-ruegen.wbv-mv.de\/index.php?rest_route=\/wp\/v2\/pages\/84"}],"wp:attachment":[{"href":"https:\/\/wbv-ruegen.wbv-mv.de\/index.php?rest_route=%2Fwp%2Fv2%2Fmedia&parent=44"}],"curies":[{"name":"wp","href":"https:\/\/api.w.org\/{rel}","templated":true}]}}