{"id":5,"date":"2016-12-09T09:02:20","date_gmt":"2016-12-09T08:02:20","guid":{"rendered":"http:\/\/wbv-ruegen.wbv-mv.de\/?page_id=5"},"modified":"2019-05-16T14:46:00","modified_gmt":"2019-05-16T12:46:00","slug":"impressum","status":"publish","type":"page","link":"https:\/\/wbv-ruegen.wbv-mv.de\/?page_id=5","title":{"rendered":"Impressum"},"content":{"rendered":"<p align=\"LEFT\"><b><i>Wasser- und Bodenverband<br \/>\n&#8222;R\u00fcgen&#8220;<br \/>\n-K\u00f6rperschaft des \u00f6ffentlichen Rechts-<\/i><\/b><\/p>\n<p align=\"LEFT\">Bahnhofsstra\u00dfe 6<br \/>\n18528 Teschenhagen<\/p>\n<p align=\"LEFT\">Tel.\u00a0\u00a0(03838) 22204<br \/>\nFax\u00a0 (03838) 254771<\/p>\n<p align=\"LEFT\">E-Mail: wbv_ruegen@t-online.de<\/p>\n<p align=\"LEFT\">Gesch\u00e4ftsf\u00fchrer:<br \/>\nTorsten Schulze<br \/>\nE-Mail: wbv_ruegen@t-online.de<\/p>\n<p align=\"LEFT\">Webmaster:<br \/>\nMarion Friedrich<br \/>\nE-Mail: friedrich@wbv-mv.de<\/p>\n<h4>Kontakt:<\/h4>\n<table>\n<tbody>\n<tr>\n<td>Telefon:<\/td>\n<td>+49 (0) 3838 22204<\/td>\n<\/tr>\n<tr>\n<td>Telefax:<\/td>\n<td>+49 (0) 3838 254771<\/td>\n<\/tr>\n<tr>\n<td>E-Mail:<\/td>\n<td>wbv_ruegen@t-online.de<\/td>\n<\/tr>\n<\/tbody>\n<\/table>\n<p>&nbsp;<\/p>\n<p>&nbsp;<\/p>\n","protected":false},"excerpt":{"rendered":"<p>Wasser- und Bodenverband &#8222;R\u00fcgen&#8220; -K\u00f6rperschaft des \u00f6ffentlichen Rechts- Bahnhofsstra\u00dfe 6 18528 Teschenhagen Tel.\u00a0\u00a0(03838) 22204 Fax\u00a0 (03838) 254771 E-Mail: wbv_ruegen@t-online.de Gesch\u00e4ftsf\u00fchrer: Torsten Schulze E-Mail: wbv_ruegen@t-online.de Webmaster: Marion Friedrich E-Mail: friedrich@wbv-mv.de Kontakt: Telefon: +49 (0) 3838 22204 Telefax: +49 (0) 3838 254771 E-Mail: wbv_ruegen@t-online.de &nbsp; &nbsp;<\/p>\n","protected":false},"author":1,"featured_media":0,"parent":0,"menu_order":0,"comment_status":"closed","ping_status":"closed","template":"","meta":{"footnotes":""},"class_list":["post-5","page","type-page","status-publish","hentry"],"_links":{"self":[{"href":"https:\/\/wbv-ruegen.wbv-mv.de\/index.php?rest_route=\/wp\/v2\/pages\/5","targetHints":{"allow":["GET"]}}],"collection":[{"href":"https:\/\/wbv-ruegen.wbv-mv.de\/index.php?rest_route=\/wp\/v2\/pages"}],"about":[{"href":"https:\/\/wbv-ruegen.wbv-mv.de\/index.php?rest_route=\/wp\/v2\/types\/page"}],"author":[{"embeddable":true,"href":"https:\/\/wbv-ruegen.wbv-mv.de\/index.php?rest_route=\/wp\/v2\/users\/1"}],"replies":[{"embeddable":true,"href":"https:\/\/wbv-ruegen.wbv-mv.de\/index.php?rest_route=%2Fwp%2Fv2%2Fcomments&post=5"}],"version-history":[{"count":9,"href":"https:\/\/wbv-ruegen.wbv-mv.de\/index.php?rest_route=\/wp\/v2\/pages\/5\/revisions"}],"predecessor-version":[{"id":1942,"href":"https:\/\/wbv-ruegen.wbv-mv.de\/index.php?rest_route=\/wp\/v2\/pages\/5\/revisions\/1942"}],"wp:attachment":[{"href":"https:\/\/wbv-ruegen.wbv-mv.de\/index.php?rest_route=%2Fwp%2Fv2%2Fmedia&parent=5"}],"curies":[{"name":"wp","href":"https:\/\/api.w.org\/{rel}","templated":true}]}}