{"id":54,"date":"2016-12-12T10:17:37","date_gmt":"2016-12-12T09:17:37","guid":{"rendered":"http:\/\/wbv-ruegen.wbv-mv.de\/?page_id=54"},"modified":"2025-01-27T09:46:43","modified_gmt":"2025-01-27T08:46:43","slug":"vorstand","status":"publish","type":"page","link":"https:\/\/wbv-ruegen.wbv-mv.de\/?page_id=54","title":{"rendered":"Verbandsorgane"},"content":{"rendered":"<p>Organe des Verbands sind die Versammlung der\u00a0<a href=\"http:\/\/wbv-ruegen.wbv-mv.de\/?page_id=73\">Verbandsmitglieder<\/a>\u00a0(Verbandsversammlung) und der Vorstand.<\/p>\n<p>(\u00a7 6 der\u00a0<a href=\"http:\/\/wbv-ruegen.wbv-mv.de\/wp-content\/uploads\/2016\/12\/Satzung-des-WBV-vom-29.06.2016.pdf\">Satzung des WBV vom 29.06.2016<\/a>)<\/p>\n<p>&nbsp;<\/p>\n<p><strong><em>Verbandsversammlung<\/em><\/strong><\/p>\n<p>Die Verbandsversammlung hat nach \u00a7 47 <a href=\"http:\/\/wbv-ruegen.wbv-mv.de\/?page_id=12\">WVG<\/a> folgende Aufgaben :<\/p>\n<p>1.\u00a0\u00a0 Wahl und Abberufung der Vorstandsmitglieder sowie ihrer Stellvertreter,<\/p>\n<p>2.\u00a0\u00a0 Beschlussfassung \u00fcber \u00c4nderungen der Satzung, des Unternehmens, des Plans oder der Aufgaben sowie \u00fcber die Grunds\u00e4tze der Gesch\u00e4ftspolitik,<\/p>\n<p>3.\u00a0\u00a0 Beschlussfassung \u00fcber die Umgestaltung und die Aufl\u00f6sung des Verbands,<\/p>\n<p>4.\u00a0\u00a0 Wahl der Schaubeauftragten,<\/p>\n<p>5.\u00a0\u00a0 Festsetzung des Haushaltsplans sowie von Nachtragshaushaltspl\u00e4nen,<\/p>\n<p>6.\u00a0\u00a0 Einspruch gegen eine Zwangsfestsetzung des Haushaltsplans,<\/p>\n<p>7.\u00a0\u00a0 Entlastung des Vorstands,<\/p>\n<p>8.\u00a0\u00a0 Festsetzung von Grunds\u00e4tzen f\u00fcr Dienst- und Anstellungsverh\u00e4ltnisse und von Verg\u00fctungen f\u00fcr Vorstandsmitglieder und Mitglieder des Verbandsausschusses,<\/p>\n<p>9.\u00a0\u00a0 Beschlussfassung \u00fcber Rechtsgesch\u00e4fte zwischen Vorstandsmitgliedern und den Verband,<\/p>\n<p>10.\u00a0\u00a0 Beratung des Vorstands in allen wichtigen Angelegenheiten.<\/p>\n<p>Weitere Aufgaben \u00a7 7 Absatz 3 der\u00a0<a href=\"http:\/\/wbv-ruegen.wbv-mv.de\/wp-content\/uploads\/2016\/12\/Satzung-des-WBV-vom-29.06.2016.pdf\">Satzung des WBV vom 29.06.2016<\/a>.<\/p>\n<p><strong><em>Vorstand<\/em><\/strong><\/p>\n<p>Die Aufgaben des Vorstandes sind im \u00a7 13 der\u00a0<a href=\"http:\/\/wbv-ruegen.wbv-mv.de\/wp-content\/uploads\/2016\/12\/Satzung-des-WBV-vom-29.06.2016.pdf\">Satzung des WBV vom 29.06.2016<\/a>\u00a0geregelt.<\/p>\n<p>Der Vorstand wurde auf der Verbandsversammlung am 20.11.2019\u00a0 f\u00fcr 5 Jahre gew\u00e4hlt.<\/p>\n<p><strong>Vorstandsmitglieder:<\/strong><\/p>\n<table style=\"border-collapse: collapse; width: 100%;\">\n<tbody>\n<tr>\n<td style=\"width: 50%;\"><span style=\"font-size: 12pt;\">Peter Carstens<\/span><\/td>\n<td style=\"width: 50%;\"><span style=\"font-size: 12pt;\">Verbandsvorsteher<\/span><\/td>\n<\/tr>\n<tr>\n<td style=\"width: 50%;\"><span style=\"font-size: 12pt;\">Alexander Krenz<\/span><\/td>\n<td style=\"width: 50%;\"><span style=\"font-size: 12pt;\">stellv. Verbandsvorsteher<\/span><\/td>\n<\/tr>\n<tr>\n<td style=\"width: 50%;\"><span style=\"font-size: 12pt;\">Anne Kleingarn<\/span><\/td>\n<td style=\"width: 50%;\"><span style=\"font-size: 12pt;\">Vorstandsmitglied<\/span><\/td>\n<\/tr>\n<tr>\n<td style=\"width: 50%;\"><span style=\"font-size: 12pt;\">Heinrich Heitm\u00fcller<\/span><\/td>\n<td style=\"width: 50%;\"><span style=\"font-size: 12pt;\">Vorstandsmitglied<\/span><\/td>\n<\/tr>\n<tr>\n<td style=\"width: 50%;\"><span style=\"font-size: 12pt;\">Maik Zilian<\/span><\/td>\n<td style=\"width: 50%;\"><span style=\"font-size: 12pt;\">Vorstandsmitglied<\/span><\/td>\n<\/tr>\n<tr>\n<td style=\"width: 50%;\"><span style=\"font-size: 12pt;\">Martin Ewert<\/span><\/td>\n<td style=\"width: 50%;\"><span style=\"font-size: 12pt;\">Vorstandsmitglied<\/span><\/td>\n<\/tr>\n<tr>\n<td style=\"width: 50%;\"><span style=\"font-size: 12pt;\">Max Lassen<\/span><\/td>\n<td style=\"width: 50%;\"><span style=\"font-size: 12pt;\">Vorstandsmitglied<\/span><\/td>\n<\/tr>\n<\/tbody>\n<\/table>\n","protected":false},"excerpt":{"rendered":"<p>Organe des Verbands sind die Versammlung der\u00a0Verbandsmitglieder\u00a0(Verbandsversammlung) und der Vorstand. (\u00a7 6 der\u00a0Satzung des WBV vom 29.06.2016) &nbsp; Verbandsversammlung Die Verbandsversammlung hat nach \u00a7 47 WVG folgende Aufgaben : 1.\u00a0\u00a0 Wahl und Abberufung der Vorstandsmitglieder sowie ihrer Stellvertreter, 2.\u00a0\u00a0 Beschlussfassung \u00fcber \u00c4nderungen der Satzung, des Unternehmens, des Plans oder der Aufgaben sowie \u00fcber die Grunds\u00e4tze [&hellip;]<\/p>\n","protected":false},"author":2,"featured_media":0,"parent":14,"menu_order":0,"comment_status":"closed","ping_status":"closed","template":"","meta":{"footnotes":""},"class_list":["post-54","page","type-page","status-publish","hentry"],"_links":{"self":[{"href":"https:\/\/wbv-ruegen.wbv-mv.de\/index.php?rest_route=\/wp\/v2\/pages\/54","targetHints":{"allow":["GET"]}}],"collection":[{"href":"https:\/\/wbv-ruegen.wbv-mv.de\/index.php?rest_route=\/wp\/v2\/pages"}],"about":[{"href":"https:\/\/wbv-ruegen.wbv-mv.de\/index.php?rest_route=\/wp\/v2\/types\/page"}],"author":[{"embeddable":true,"href":"https:\/\/wbv-ruegen.wbv-mv.de\/index.php?rest_route=\/wp\/v2\/users\/2"}],"replies":[{"embeddable":true,"href":"https:\/\/wbv-ruegen.wbv-mv.de\/index.php?rest_route=%2Fwp%2Fv2%2Fcomments&post=54"}],"version-history":[{"count":33,"href":"https:\/\/wbv-ruegen.wbv-mv.de\/index.php?rest_route=\/wp\/v2\/pages\/54\/revisions"}],"predecessor-version":[{"id":5403,"href":"https:\/\/wbv-ruegen.wbv-mv.de\/index.php?rest_route=\/wp\/v2\/pages\/54\/revisions\/5403"}],"up":[{"embeddable":true,"href":"https:\/\/wbv-ruegen.wbv-mv.de\/index.php?rest_route=\/wp\/v2\/pages\/14"}],"wp:attachment":[{"href":"https:\/\/wbv-ruegen.wbv-mv.de\/index.php?rest_route=%2Fwp%2Fv2%2Fmedia&parent=54"}],"curies":[{"name":"wp","href":"https:\/\/api.w.org\/{rel}","templated":true}]}}