{"id":5610,"date":"2025-09-23T09:55:08","date_gmt":"2025-09-23T07:55:08","guid":{"rendered":"https:\/\/wbv-ruegen.wbv-mv.de\/?page_id=5610"},"modified":"2025-09-23T10:35:51","modified_gmt":"2025-09-23T08:35:51","slug":"elektronische-rechnung","status":"publish","type":"page","link":"https:\/\/wbv-ruegen.wbv-mv.de\/?page_id=5610","title":{"rendered":"Elektronische Rechnung"},"content":{"rendered":"<p style=\"text-align: left;\"><a href=\"https:\/\/wbv-ruegen.wbv-mv.de\/wp-content\/uploads\/2025\/09\/Elektronische-Rechnung.docx\"><strong>Elektronische Rechnung<\/strong><\/a><\/p>\n<p>Seit dem 1. April 2023 sind Dienstleister von \u00f6ffentlichen Auftraggebern in Mecklenburg-Vorpommern gesetzlich dazu verpflichtet, unabh\u00e4ngig vom Auftragswert elektronische Rechnungen in Form von XRechnungen an \u00f6ffentliche Auftraggeber in Mecklenburg-Vorpommern auszustellen und zu \u00fcbermitteln (\u00a7 3 E-Rechnungsverordnung Mecklenburg-Vorpommern &#8211; <a href=\"https:\/\/www.landesrecht-mv.de\/bsmv\/document\/jlr-ERechVMVpP1\">ERechVO M-V<\/a>).<\/p>\n<p>Die \u00dcbermittlung und der Empfang von elektronischen Rechnungen erfolgt dabei \u00fcber die zentrale Rechnungseingangsplattform der Bundesdruckerei GmbH (OZG-RE). Zun\u00e4chst m\u00fcssen Sie sich als Nutzer einmalig bei der OZG-RE registrieren: <a href=\"https:\/\/xrechnung-bdr.de\/edi\/auth\/login\">https:\/\/xrechnung-bdr.de\/edi\/auth\/login<\/a>.<br \/>\nDiese Registrierung ist f\u00fcr Sie kostenlos. Im Anschluss k\u00f6nnen Sie Ihre Rechnungen per E-Mail einbringen, direkt hochladen oder per Weberfassung \u00fcber die Internetseite der OZG-RE manuell erstellen und als XRechnung versenden.<\/p>\n<p>&nbsp;<\/p>\n<p>Der Wasser- und Bodenverband \u201eR\u00fcgen\u201c wird dort unter der<\/p>\n<p style=\"text-align: center;\"><strong>Leitweg-ID<\/strong><\/p>\n<p style=\"text-align: center;\"><strong>13-SWBVRUGEN000-82<\/strong><\/p>\n<p>gef\u00fchrt.<\/p>\n","protected":false},"excerpt":{"rendered":"<p>Elektronische Rechnung Seit dem 1. April 2023 sind Dienstleister von \u00f6ffentlichen Auftraggebern in Mecklenburg-Vorpommern gesetzlich dazu verpflichtet, unabh\u00e4ngig vom Auftragswert elektronische Rechnungen in Form von XRechnungen an \u00f6ffentliche Auftraggeber in Mecklenburg-Vorpommern auszustellen und zu \u00fcbermitteln (\u00a7 3 E-Rechnungsverordnung Mecklenburg-Vorpommern &#8211; ERechVO M-V). Die \u00dcbermittlung und der Empfang von elektronischen Rechnungen erfolgt dabei \u00fcber die zentrale [&hellip;]<\/p>\n","protected":false},"author":2,"featured_media":0,"parent":84,"menu_order":0,"comment_status":"closed","ping_status":"closed","template":"","meta":{"footnotes":""},"class_list":["post-5610","page","type-page","status-publish","hentry"],"_links":{"self":[{"href":"https:\/\/wbv-ruegen.wbv-mv.de\/index.php?rest_route=\/wp\/v2\/pages\/5610","targetHints":{"allow":["GET"]}}],"collection":[{"href":"https:\/\/wbv-ruegen.wbv-mv.de\/index.php?rest_route=\/wp\/v2\/pages"}],"about":[{"href":"https:\/\/wbv-ruegen.wbv-mv.de\/index.php?rest_route=\/wp\/v2\/types\/page"}],"author":[{"embeddable":true,"href":"https:\/\/wbv-ruegen.wbv-mv.de\/index.php?rest_route=\/wp\/v2\/users\/2"}],"replies":[{"embeddable":true,"href":"https:\/\/wbv-ruegen.wbv-mv.de\/index.php?rest_route=%2Fwp%2Fv2%2Fcomments&post=5610"}],"version-history":[{"count":10,"href":"https:\/\/wbv-ruegen.wbv-mv.de\/index.php?rest_route=\/wp\/v2\/pages\/5610\/revisions"}],"predecessor-version":[{"id":5623,"href":"https:\/\/wbv-ruegen.wbv-mv.de\/index.php?rest_route=\/wp\/v2\/pages\/5610\/revisions\/5623"}],"up":[{"embeddable":true,"href":"https:\/\/wbv-ruegen.wbv-mv.de\/index.php?rest_route=\/wp\/v2\/pages\/84"}],"wp:attachment":[{"href":"https:\/\/wbv-ruegen.wbv-mv.de\/index.php?rest_route=%2Fwp%2Fv2%2Fmedia&parent=5610"}],"curies":[{"name":"wp","href":"https:\/\/api.w.org\/{rel}","templated":true}]}}