{"id":76,"date":"2016-12-12T11:02:40","date_gmt":"2016-12-12T10:02:40","guid":{"rendered":"http:\/\/wbv-ruegen.wbv-mv.de\/?page_id=76"},"modified":"2017-01-27T10:51:38","modified_gmt":"2017-01-27T09:51:38","slug":"gewaesser-und-anlagenbestand","status":"publish","type":"page","link":"https:\/\/wbv-ruegen.wbv-mv.de\/?page_id=76","title":{"rendered":"Gew\u00e4sser- und Anlagenbestand"},"content":{"rendered":"<p>Gr\u00f6\u00dfe des Verbandsgebietes: \u00a097.825,99 ha<\/p>\n<p><img loading=\"lazy\" decoding=\"async\" class=\"alignnone size-medium wp-image-298\" src=\"http:\/\/wbv-ruegen.wbv-mv.de\/wp-content\/uploads\/2016\/12\/Verbandsgebiet-297x300.jpg\" alt=\"\" width=\"297\" height=\"300\" srcset=\"https:\/\/wbv-ruegen.wbv-mv.de\/wp-content\/uploads\/2016\/12\/Verbandsgebiet-297x300.jpg 297w, https:\/\/wbv-ruegen.wbv-mv.de\/wp-content\/uploads\/2016\/12\/Verbandsgebiet.jpg 680w\" sizes=\"auto, (max-width: 297px) 100vw, 297px\" \/><\/p>\n<p><a href=\"https:\/\/www.umweltkarten.mv-regierung.de\/atlas\/script\/index.php\">https:\/\/www.umweltkarten.mv-regierung.de\/atlas\/script\/index.php<\/a><\/p>\n<p>Flie\u00dfgew\u00e4sserl\u00e4nge: \u00a0 \u00a0 \u00a0 \u00a0 \u00a0 \u00a0 \u00a0 \u00a0 \u00a0 \u00a0 \u00a0 1.073,071 km<\/p>\n<p>offene Flie\u00dfgew\u00e4sser: \u00a0 \u00a0 \u00a0 \u00a0 \u00a0 \u00a0 \u00a0 \u00a0 \u00a0 \u00a0 \u00a0 897,784 km<\/p>\n<p>verrohrte Flie\u00dfgew\u00e4sser: \u00a0 \u00a0 \u00a0 \u00a0 \u00a0 \u00a0 \u00a0 \u00a0 \u00a0175,287 km<\/p>\n<p><a href=\"http:\/\/wbv-ruegen.wbv-mv.de\/?page_id=275\">Gew\u00e4sserl\u00e4nge in den Gemeinden<\/a><\/p>\n<p><strong>Deichl\u00e4nge<\/strong> 47,489 km (Vorteilsfl\u00e4che gesamt 3.894,91 ha)<\/p>\n<p><a href=\"http:\/\/wbv-ruegen.wbv-mv.de\/?page_id=263\">Anlagenbestand Deiche<\/a><\/p>\n<p><strong>Sch\u00f6pfwerke<\/strong> 61 (Beitragsfl\u00e4che gesamt 26.063,96 ha)<\/p>\n<p><a href=\"http:\/\/wbv-ruegen.wbv-mv.de\/?page_id=179\">Anlagenbestand Sch\u00f6pfwerke<\/a><\/p>\n<p>Stand 31.12.2016<\/p>\n","protected":false},"excerpt":{"rendered":"<p>Gr\u00f6\u00dfe des Verbandsgebietes: \u00a097.825,99 ha https:\/\/www.umweltkarten.mv-regierung.de\/atlas\/script\/index.php Flie\u00dfgew\u00e4sserl\u00e4nge: \u00a0 \u00a0 \u00a0 \u00a0 \u00a0 \u00a0 \u00a0 \u00a0 \u00a0 \u00a0 \u00a0 1.073,071 km offene Flie\u00dfgew\u00e4sser: \u00a0 \u00a0 \u00a0 \u00a0 \u00a0 \u00a0 \u00a0 \u00a0 \u00a0 \u00a0 \u00a0 897,784 km verrohrte Flie\u00dfgew\u00e4sser: \u00a0 \u00a0 \u00a0 \u00a0 \u00a0 \u00a0 \u00a0 \u00a0 \u00a0175,287 km Gew\u00e4sserl\u00e4nge in den Gemeinden Deichl\u00e4nge 47,489 km (Vorteilsfl\u00e4che [&hellip;]<\/p>\n","protected":false},"author":2,"featured_media":0,"parent":0,"menu_order":0,"comment_status":"closed","ping_status":"closed","template":"","meta":{"footnotes":""},"class_list":["post-76","page","type-page","status-publish","hentry"],"_links":{"self":[{"href":"https:\/\/wbv-ruegen.wbv-mv.de\/index.php?rest_route=\/wp\/v2\/pages\/76","targetHints":{"allow":["GET"]}}],"collection":[{"href":"https:\/\/wbv-ruegen.wbv-mv.de\/index.php?rest_route=\/wp\/v2\/pages"}],"about":[{"href":"https:\/\/wbv-ruegen.wbv-mv.de\/index.php?rest_route=\/wp\/v2\/types\/page"}],"author":[{"embeddable":true,"href":"https:\/\/wbv-ruegen.wbv-mv.de\/index.php?rest_route=\/wp\/v2\/users\/2"}],"replies":[{"embeddable":true,"href":"https:\/\/wbv-ruegen.wbv-mv.de\/index.php?rest_route=%2Fwp%2Fv2%2Fcomments&post=76"}],"version-history":[{"count":22,"href":"https:\/\/wbv-ruegen.wbv-mv.de\/index.php?rest_route=\/wp\/v2\/pages\/76\/revisions"}],"predecessor-version":[{"id":79,"href":"https:\/\/wbv-ruegen.wbv-mv.de\/index.php?rest_route=\/wp\/v2\/pages\/76\/revisions\/79"}],"wp:attachment":[{"href":"https:\/\/wbv-ruegen.wbv-mv.de\/index.php?rest_route=%2Fwp%2Fv2%2Fmedia&parent=76"}],"curies":[{"name":"wp","href":"https:\/\/api.w.org\/{rel}","templated":true}]}}