{"id":8,"date":"2016-12-09T09:07:47","date_gmt":"2016-12-09T08:07:47","guid":{"rendered":"http:\/\/wbv-ruegen.wbv-mv.de\/?page_id=8"},"modified":"2024-07-21T17:17:39","modified_gmt":"2024-07-21T15:17:39","slug":"kontakt","status":"publish","type":"page","link":"https:\/\/wbv-ruegen.wbv-mv.de\/?page_id=8","title":{"rendered":"Kontakt"},"content":{"rendered":"<p align=\"LEFT\"><b><i>Wasser- und Bodenverband<br \/>\n\u201eR\u00fcgen\u201c<br \/>\n-K\u00f6rperschaft des \u00f6ffentlichen Rechts-<\/i><\/b><\/p>\n<p align=\"LEFT\">Bahnhofsstra\u00dfe 6<br \/>\n18528 Teschenhagen<\/p>\n<p align=\"LEFT\">Tel.\u00a0\u00a0(03838) 22204<\/p>\n<p align=\"LEFT\">\nE-Mail: wbv_ruegen@t-online.de<\/p>\n<p align=\"LEFT\">\n<p align=\"LEFT\">\n","protected":false},"excerpt":{"rendered":"<p>Wasser- und Bodenverband \u201eR\u00fcgen\u201c -K\u00f6rperschaft des \u00f6ffentlichen Rechts- Bahnhofsstra\u00dfe 6 18528 Teschenhagen Tel.\u00a0\u00a0(03838) 22204 E-Mail: wbv_ruegen@t-online.de<\/p>\n","protected":false},"author":1,"featured_media":0,"parent":0,"menu_order":0,"comment_status":"closed","ping_status":"closed","template":"","meta":{"footnotes":""},"class_list":["post-8","page","type-page","status-publish","hentry"],"_links":{"self":[{"href":"https:\/\/wbv-ruegen.wbv-mv.de\/index.php?rest_route=\/wp\/v2\/pages\/8","targetHints":{"allow":["GET"]}}],"collection":[{"href":"https:\/\/wbv-ruegen.wbv-mv.de\/index.php?rest_route=\/wp\/v2\/pages"}],"about":[{"href":"https:\/\/wbv-ruegen.wbv-mv.de\/index.php?rest_route=\/wp\/v2\/types\/page"}],"author":[{"embeddable":true,"href":"https:\/\/wbv-ruegen.wbv-mv.de\/index.php?rest_route=\/wp\/v2\/users\/1"}],"replies":[{"embeddable":true,"href":"https:\/\/wbv-ruegen.wbv-mv.de\/index.php?rest_route=%2Fwp%2Fv2%2Fcomments&post=8"}],"version-history":[{"count":9,"href":"https:\/\/wbv-ruegen.wbv-mv.de\/index.php?rest_route=\/wp\/v2\/pages\/8\/revisions"}],"predecessor-version":[{"id":5365,"href":"https:\/\/wbv-ruegen.wbv-mv.de\/index.php?rest_route=\/wp\/v2\/pages\/8\/revisions\/5365"}],"wp:attachment":[{"href":"https:\/\/wbv-ruegen.wbv-mv.de\/index.php?rest_route=%2Fwp%2Fv2%2Fmedia&parent=8"}],"curies":[{"name":"wp","href":"https:\/\/api.w.org\/{rel}","templated":true}]}}