{"id":843,"date":"2017-03-03T10:09:41","date_gmt":"2017-03-03T09:09:41","guid":{"rendered":"http:\/\/wbv-ruegen.wbv-mv.de\/?page_id=843"},"modified":"2023-03-30T11:58:54","modified_gmt":"2023-03-30T09:58:54","slug":"wehr-mellnitz","status":"publish","type":"page","link":"https:\/\/wbv-ruegen.wbv-mv.de\/?page_id=843","title":{"rendered":"Wehr Mellnitz"},"content":{"rendered":"<p>Die Ma\u00dfnahme erfolgte durch die \u00a0DEGES als Ausgleichsma\u00dfnahme f\u00fcr den \u00a0Bau der 2. Strelasundbr\u00fccke.<\/p>\n<p>Die Mellnitz-\u00dcselitzer Wiek wurde am 19. August 2011 geflutet. Die Wasserfl\u00e4che betr\u00e4gt ca. 100 ha.<\/p>\n<p><img loading=\"lazy\" decoding=\"async\" class=\"alignnone size-medium wp-image-848\" src=\"http:\/\/wbv-ruegen.wbv-mv.de\/wp-content\/uploads\/2017\/03\/IMG_0112-300x225.jpg\" alt=\"\" width=\"300\" height=\"225\" srcset=\"https:\/\/wbv-ruegen.wbv-mv.de\/wp-content\/uploads\/2017\/03\/IMG_0112-300x225.jpg 300w, https:\/\/wbv-ruegen.wbv-mv.de\/wp-content\/uploads\/2017\/03\/IMG_0112-768x576.jpg 768w, https:\/\/wbv-ruegen.wbv-mv.de\/wp-content\/uploads\/2017\/03\/IMG_0112-1024x768.jpg 1024w, https:\/\/wbv-ruegen.wbv-mv.de\/wp-content\/uploads\/2017\/03\/IMG_0112-816x612.jpg 816w, https:\/\/wbv-ruegen.wbv-mv.de\/wp-content\/uploads\/2017\/03\/IMG_0112.jpg 1600w\" sizes=\"auto, (max-width: 300px) 100vw, 300px\" \/>\u00a0 <img loading=\"lazy\" decoding=\"async\" class=\"alignnone size-medium wp-image-849\" src=\"http:\/\/wbv-ruegen.wbv-mv.de\/wp-content\/uploads\/2017\/03\/IMG_0120-300x225.jpg\" alt=\"\" width=\"300\" height=\"225\" srcset=\"https:\/\/wbv-ruegen.wbv-mv.de\/wp-content\/uploads\/2017\/03\/IMG_0120-300x225.jpg 300w, https:\/\/wbv-ruegen.wbv-mv.de\/wp-content\/uploads\/2017\/03\/IMG_0120-768x576.jpg 768w, https:\/\/wbv-ruegen.wbv-mv.de\/wp-content\/uploads\/2017\/03\/IMG_0120-1024x768.jpg 1024w, https:\/\/wbv-ruegen.wbv-mv.de\/wp-content\/uploads\/2017\/03\/IMG_0120-816x612.jpg 816w, https:\/\/wbv-ruegen.wbv-mv.de\/wp-content\/uploads\/2017\/03\/IMG_0120.jpg 1600w\" sizes=\"auto, (max-width: 300px) 100vw, 300px\" \/><\/p>\n<p>Die Mindestwasserst\u00e4nde werden durch das Wehr zur Puddeminer Wiek und den Sch\u00f6pfwerken automatisch durch Pegel gehalten.<\/p>\n<p>Die Baukosten betrugen insgesamt ca. 3 Mio. Euro.<\/p>\n<p><a href=\"https:\/\/wbv-ruegen.wbv-mv.de\/?page_id=4827\">Karte und Flurst\u00fccksliste<\/a><\/p>\n","protected":false},"excerpt":{"rendered":"<p>Die Ma\u00dfnahme erfolgte durch die \u00a0DEGES als Ausgleichsma\u00dfnahme f\u00fcr den \u00a0Bau der 2. Strelasundbr\u00fccke. Die Mellnitz-\u00dcselitzer Wiek wurde am 19. August 2011 geflutet. Die Wasserfl\u00e4che betr\u00e4gt ca. 100 ha. \u00a0 Die Mindestwasserst\u00e4nde werden durch das Wehr zur Puddeminer Wiek und den Sch\u00f6pfwerken automatisch durch Pegel gehalten. Die Baukosten betrugen insgesamt ca. 3 Mio. Euro. Karte [&hellip;]<\/p>\n","protected":false},"author":2,"featured_media":0,"parent":0,"menu_order":0,"comment_status":"closed","ping_status":"closed","template":"","meta":{"footnotes":""},"class_list":["post-843","page","type-page","status-publish","hentry"],"_links":{"self":[{"href":"https:\/\/wbv-ruegen.wbv-mv.de\/index.php?rest_route=\/wp\/v2\/pages\/843","targetHints":{"allow":["GET"]}}],"collection":[{"href":"https:\/\/wbv-ruegen.wbv-mv.de\/index.php?rest_route=\/wp\/v2\/pages"}],"about":[{"href":"https:\/\/wbv-ruegen.wbv-mv.de\/index.php?rest_route=\/wp\/v2\/types\/page"}],"author":[{"embeddable":true,"href":"https:\/\/wbv-ruegen.wbv-mv.de\/index.php?rest_route=\/wp\/v2\/users\/2"}],"replies":[{"embeddable":true,"href":"https:\/\/wbv-ruegen.wbv-mv.de\/index.php?rest_route=%2Fwp%2Fv2%2Fcomments&post=843"}],"version-history":[{"count":6,"href":"https:\/\/wbv-ruegen.wbv-mv.de\/index.php?rest_route=\/wp\/v2\/pages\/843\/revisions"}],"predecessor-version":[{"id":4835,"href":"https:\/\/wbv-ruegen.wbv-mv.de\/index.php?rest_route=\/wp\/v2\/pages\/843\/revisions\/4835"}],"wp:attachment":[{"href":"https:\/\/wbv-ruegen.wbv-mv.de\/index.php?rest_route=%2Fwp%2Fv2%2Fmedia&parent=843"}],"curies":[{"name":"wp","href":"https:\/\/api.w.org\/{rel}","templated":true}]}}