{"id":87,"date":"2016-12-12T11:45:26","date_gmt":"2016-12-12T10:45:26","guid":{"rendered":"http:\/\/wbv-ruegen.wbv-mv.de\/?page_id=87"},"modified":"2026-02-16T16:26:03","modified_gmt":"2026-02-16T15:26:03","slug":"gewaesserschauen","status":"publish","type":"page","link":"https:\/\/wbv-ruegen.wbv-mv.de\/?page_id=87","title":{"rendered":"Gew\u00e4sserschauen"},"content":{"rendered":"<p>In der Zeit vom 24.02. bis 25.03.2026 f\u00fchrt der Wasser- und Bodenverband &#8222;R\u00fcgen&#8220; die diesj\u00e4hrigen Gew\u00e4sserschauen durch.<\/p>\r\n<p>Es werden die Anlagen und der Zustand der Gew\u00e4sser besichtigt sowie kurz- und langfristige Unterhaltungsma\u00dfnahmen besprochen.<\/p>\r\n<p>Weitere Ausk\u00fcnfte erhalten Sie unter der Telefonnummer 03838\/22204 oder direkt in der Gesch\u00e4ftsstelle in Teschenhagen.<\/p>\r\n<p><a href=\"https:\/\/wbv-ruegen.wbv-mv.de\/wp-content\/uploads\/2026\/02\/Verbandsschau-Termine-2026.pdf\">Terminplan<\/a><\/p>\r\n<p>&nbsp;<\/p>\r\n<p>&nbsp;<\/p>\r\n\r\n<p>&nbsp;<\/p>\r\n","protected":false},"excerpt":{"rendered":"<p>In der Zeit vom 24.02. bis 25.03.2026 f\u00fchrt der Wasser- und Bodenverband &#8222;R\u00fcgen&#8220; die diesj\u00e4hrigen Gew\u00e4sserschauen durch. Es werden die Anlagen und der Zustand der Gew\u00e4sser besichtigt sowie kurz- und langfristige Unterhaltungsma\u00dfnahmen besprochen. Weitere Ausk\u00fcnfte erhalten Sie unter der Telefonnummer 03838\/22204 oder direkt in der Gesch\u00e4ftsstelle in Teschenhagen. Terminplan &nbsp; &nbsp; &nbsp;<\/p>\n","protected":false},"author":2,"featured_media":0,"parent":84,"menu_order":0,"comment_status":"closed","ping_status":"closed","template":"","meta":{"footnotes":""},"class_list":["post-87","page","type-page","status-publish","hentry"],"_links":{"self":[{"href":"https:\/\/wbv-ruegen.wbv-mv.de\/index.php?rest_route=\/wp\/v2\/pages\/87","targetHints":{"allow":["GET"]}}],"collection":[{"href":"https:\/\/wbv-ruegen.wbv-mv.de\/index.php?rest_route=\/wp\/v2\/pages"}],"about":[{"href":"https:\/\/wbv-ruegen.wbv-mv.de\/index.php?rest_route=\/wp\/v2\/types\/page"}],"author":[{"embeddable":true,"href":"https:\/\/wbv-ruegen.wbv-mv.de\/index.php?rest_route=\/wp\/v2\/users\/2"}],"replies":[{"embeddable":true,"href":"https:\/\/wbv-ruegen.wbv-mv.de\/index.php?rest_route=%2Fwp%2Fv2%2Fcomments&post=87"}],"version-history":[{"count":47,"href":"https:\/\/wbv-ruegen.wbv-mv.de\/index.php?rest_route=\/wp\/v2\/pages\/87\/revisions"}],"predecessor-version":[{"id":5637,"href":"https:\/\/wbv-ruegen.wbv-mv.de\/index.php?rest_route=\/wp\/v2\/pages\/87\/revisions\/5637"}],"up":[{"embeddable":true,"href":"https:\/\/wbv-ruegen.wbv-mv.de\/index.php?rest_route=\/wp\/v2\/pages\/84"}],"wp:attachment":[{"href":"https:\/\/wbv-ruegen.wbv-mv.de\/index.php?rest_route=%2Fwp%2Fv2%2Fmedia&parent=87"}],"curies":[{"name":"wp","href":"https:\/\/api.w.org\/{rel}","templated":true}]}}