{"id":944,"date":"2017-05-30T07:25:55","date_gmt":"2017-05-30T05:25:55","guid":{"rendered":"http:\/\/wbv-ruegen.wbv-mv.de\/?page_id=944"},"modified":"2017-06-02T10:28:00","modified_gmt":"2017-06-02T08:28:00","slug":"renaturierungen","status":"publish","type":"page","link":"https:\/\/wbv-ruegen.wbv-mv.de\/?page_id=944","title":{"rendered":"Naturnaher Gew\u00e4sserausbau"},"content":{"rendered":"<p><em><span style=\"color: #0000ff;\"><strong>Renaturierung Lanzengraben<\/strong><\/span><\/em><\/p>\n<p>Der Lanzengraben ist nach EG-WRRL ein berichtspflichtiges Gew\u00e4sser.<\/p>\n<table>\n<tbody>\n<tr>\n<td>Beginn der Ma\u00dfnahme<\/td>\n<td style=\"text-align: right;\">15.07.2011<\/td>\n<\/tr>\n<tr>\n<td>Ende der Ma\u00dfnahme<\/td>\n<td style=\"text-align: right;\">17.07.2015<\/td>\n<\/tr>\n<tr>\n<td>Gesamtausgaben der Ma\u00dfnahme<\/td>\n<td style=\"text-align: right;\">315.773,37 \u20ac<\/td>\n<\/tr>\n<tr>\n<td><\/td>\n<td><\/td>\n<\/tr>\n<tr>\n<td><strong>Finanzierung<\/strong><\/td>\n<td><\/td>\n<\/tr>\n<tr>\n<td>Zuwendung nach F\u00f6RiGeF<\/td>\n<td style=\"text-align: right;\">207.983,16 \u20ac<\/td>\n<\/tr>\n<tr>\n<td>Landeszuwendung<\/td>\n<td style=\"text-align: right;\">68.262,91 \u20ac<\/td>\n<\/tr>\n<tr>\n<td>Naturschutzstiftung Deutsche Ostsee<\/td>\n<td style=\"text-align: right;\">24.398,73 \u20ac<\/td>\n<\/tr>\n<tr>\n<td>\u00a0Gesamtf\u00f6rderung<\/td>\n<td style=\"text-align: right;\">\u00a0300.644,80 \u20ac<\/td>\n<\/tr>\n<tr>\n<td><\/td>\n<td><\/td>\n<\/tr>\n<tr>\n<td>Eigenanteil der bevorteilten Mitglieder<\/td>\n<td><\/td>\n<\/tr>\n<tr>\n<td>Bergen, Sehlen, Kluis, Dreschvitz, Parchtitz<\/td>\n<td style=\"text-align: right;\">15.128,57 \u20ac<\/td>\n<\/tr>\n<\/tbody>\n<\/table>\n<p>&nbsp;<\/p>\n","protected":false},"excerpt":{"rendered":"<p>Renaturierung Lanzengraben Der Lanzengraben ist nach EG-WRRL ein berichtspflichtiges Gew\u00e4sser. Beginn der Ma\u00dfnahme 15.07.2011 Ende der Ma\u00dfnahme 17.07.2015 Gesamtausgaben der Ma\u00dfnahme 315.773,37 \u20ac Finanzierung Zuwendung nach F\u00f6RiGeF 207.983,16 \u20ac Landeszuwendung 68.262,91 \u20ac Naturschutzstiftung Deutsche Ostsee 24.398,73 \u20ac \u00a0Gesamtf\u00f6rderung \u00a0300.644,80 \u20ac Eigenanteil der bevorteilten Mitglieder Bergen, Sehlen, Kluis, Dreschvitz, Parchtitz 15.128,57 \u20ac &nbsp;<\/p>\n","protected":false},"author":2,"featured_media":0,"parent":84,"menu_order":0,"comment_status":"closed","ping_status":"closed","template":"","meta":{"footnotes":""},"class_list":["post-944","page","type-page","status-publish","hentry"],"_links":{"self":[{"href":"https:\/\/wbv-ruegen.wbv-mv.de\/index.php?rest_route=\/wp\/v2\/pages\/944","targetHints":{"allow":["GET"]}}],"collection":[{"href":"https:\/\/wbv-ruegen.wbv-mv.de\/index.php?rest_route=\/wp\/v2\/pages"}],"about":[{"href":"https:\/\/wbv-ruegen.wbv-mv.de\/index.php?rest_route=\/wp\/v2\/types\/page"}],"author":[{"embeddable":true,"href":"https:\/\/wbv-ruegen.wbv-mv.de\/index.php?rest_route=\/wp\/v2\/users\/2"}],"replies":[{"embeddable":true,"href":"https:\/\/wbv-ruegen.wbv-mv.de\/index.php?rest_route=%2Fwp%2Fv2%2Fcomments&post=944"}],"version-history":[{"count":7,"href":"https:\/\/wbv-ruegen.wbv-mv.de\/index.php?rest_route=\/wp\/v2\/pages\/944\/revisions"}],"predecessor-version":[{"id":972,"href":"https:\/\/wbv-ruegen.wbv-mv.de\/index.php?rest_route=\/wp\/v2\/pages\/944\/revisions\/972"}],"up":[{"embeddable":true,"href":"https:\/\/wbv-ruegen.wbv-mv.de\/index.php?rest_route=\/wp\/v2\/pages\/84"}],"wp:attachment":[{"href":"https:\/\/wbv-ruegen.wbv-mv.de\/index.php?rest_route=%2Fwp%2Fv2%2Fmedia&parent=944"}],"curies":[{"name":"wp","href":"https:\/\/api.w.org\/{rel}","templated":true}]}}