{"id":953,"date":"2017-05-30T07:20:17","date_gmt":"2017-05-30T05:20:17","guid":{"rendered":"http:\/\/wbv-ruegen.wbv-mv.de\/?page_id=953"},"modified":"2017-05-30T08:13:15","modified_gmt":"2017-05-30T06:13:15","slug":"gewaesserausbau","status":"publish","type":"page","link":"https:\/\/wbv-ruegen.wbv-mv.de\/?page_id=953","title":{"rendered":"Gew\u00e4sserausbau"},"content":{"rendered":"<p>Nach \u00a7 19 Absatz 6 der\u00a0<a href=\"http:\/\/wbv-ruegen.wbv-mv.de\/wp-content\/uploads\/2016\/12\/Satzung-des-WBV-vom-29.06.2016.pdf\">Satzung <\/a>\u00a0des Wasser- und Bodenverbandes &#8222;R\u00fcgen&#8220; \u00a0vom 29.06.2016 sind f\u00fcr den Ausbau von Gew\u00e4ssern die Mitglieder zust\u00e4ndig deren Fl\u00e4chen von der Ma\u00dfnahme bevorteilt werden.<\/p>\n<p>&nbsp;<\/p>\n<p><span style=\"color: #3366ff;\"><strong><em>Rohrleitung 30\/07, Patzig<\/em><\/strong><\/span><\/p>\n<table>\n<tbody>\n<tr>\n<td>Durchf\u00fchrung der Ma\u00dfnahme<\/td>\n<td style=\"text-align: right;\">2015\/2016<\/td>\n<\/tr>\n<tr>\n<td>Gesamtkosten<\/td>\n<td style=\"text-align: right;\">164.872,73 \u20ac<\/td>\n<\/tr>\n<tr>\n<td>Anteil Landkreis Vorpommern-R\u00fcgen<\/td>\n<td style=\"text-align: right;\">9.000 \u20ac<\/td>\n<\/tr>\n<tr>\n<td>Anteil der Gemeinde Patzig<\/td>\n<td style=\"text-align: right;\">155.872,73 \u20ac<\/td>\n<\/tr>\n<\/tbody>\n<\/table>\n<p>&nbsp;<\/p>\n<p><em><strong><span style=\"color: #3366ff;\">Rohrleitung 32\/143, Putbus<\/span><\/strong><\/em><\/p>\n<table>\n<tbody>\n<tr>\n<td>Durchf\u00fchrung der Ma\u00dfnahme (1. BA)<\/td>\n<td style=\"text-align: right;\">2008 bis 2014<\/td>\n<\/tr>\n<tr>\n<td>Gesamtkosten<\/td>\n<td style=\"text-align: right;\">268.432,37 \u20ac<\/td>\n<\/tr>\n<tr>\n<td>Finanzierung durch<\/td>\n<td style=\"text-align: right;\">Stadt Putbus und ZWAR<\/td>\n<\/tr>\n<tr>\n<td><\/td>\n<td><\/td>\n<\/tr>\n<tr>\n<td><\/td>\n<td><\/td>\n<\/tr>\n<\/tbody>\n<\/table>\n<p>&nbsp;<\/p>\n","protected":false},"excerpt":{"rendered":"<p>Nach \u00a7 19 Absatz 6 der\u00a0Satzung \u00a0des Wasser- und Bodenverbandes &#8222;R\u00fcgen&#8220; \u00a0vom 29.06.2016 sind f\u00fcr den Ausbau von Gew\u00e4ssern die Mitglieder zust\u00e4ndig deren Fl\u00e4chen von der Ma\u00dfnahme bevorteilt werden. &nbsp; Rohrleitung 30\/07, Patzig Durchf\u00fchrung der Ma\u00dfnahme 2015\/2016 Gesamtkosten 164.872,73 \u20ac Anteil Landkreis Vorpommern-R\u00fcgen 9.000 \u20ac Anteil der Gemeinde Patzig 155.872,73 \u20ac &nbsp; Rohrleitung 32\/143, Putbus [&hellip;]<\/p>\n","protected":false},"author":2,"featured_media":0,"parent":0,"menu_order":0,"comment_status":"closed","ping_status":"closed","template":"","meta":{"footnotes":""},"class_list":["post-953","page","type-page","status-publish","hentry"],"_links":{"self":[{"href":"https:\/\/wbv-ruegen.wbv-mv.de\/index.php?rest_route=\/wp\/v2\/pages\/953","targetHints":{"allow":["GET"]}}],"collection":[{"href":"https:\/\/wbv-ruegen.wbv-mv.de\/index.php?rest_route=\/wp\/v2\/pages"}],"about":[{"href":"https:\/\/wbv-ruegen.wbv-mv.de\/index.php?rest_route=\/wp\/v2\/types\/page"}],"author":[{"embeddable":true,"href":"https:\/\/wbv-ruegen.wbv-mv.de\/index.php?rest_route=\/wp\/v2\/users\/2"}],"replies":[{"embeddable":true,"href":"https:\/\/wbv-ruegen.wbv-mv.de\/index.php?rest_route=%2Fwp%2Fv2%2Fcomments&post=953"}],"version-history":[{"count":10,"href":"https:\/\/wbv-ruegen.wbv-mv.de\/index.php?rest_route=\/wp\/v2\/pages\/953\/revisions"}],"predecessor-version":[{"id":970,"href":"https:\/\/wbv-ruegen.wbv-mv.de\/index.php?rest_route=\/wp\/v2\/pages\/953\/revisions\/970"}],"wp:attachment":[{"href":"https:\/\/wbv-ruegen.wbv-mv.de\/index.php?rest_route=%2Fwp%2Fv2%2Fmedia&parent=953"}],"curies":[{"name":"wp","href":"https:\/\/api.w.org\/{rel}","templated":true}]}}